{"id":14773,"date":"2025-02-17T17:57:45","date_gmt":"2025-02-17T15:57:45","guid":{"rendered":"https:\/\/zbranebudai.sk\/product\/sako-100-explorer-carbon-kal-308win-ns-std-ss-e100-a1-4rd-fl-20in-mt15x1\/"},"modified":"2026-04-16T05:45:06","modified_gmt":"2026-04-16T03:45:06","slug":"kabat-100-explorer-carbon-kal-308win-ns-std-ss-e100-a1-4rd-fl-20in-mt15x1","status":"publish","type":"product","link":"https:\/\/zbranebudai.sk\/hu\/product\/sako-100-explorer-carbon-kal-308win-ns-std-ss-e100-a1-4rd-fl-20in-mt15x1\/","title":{"rendered":"Sako 100 Explorer Carbon, cal. .308Win. (NS STD SS E100 A1 4rd FL 20in MT15x1)"},"content":{"rendered":"<p>PARAM\u00c9TEREK:<\/p>\n<p>Cs\u0151hossz: 510 mm (20 in)<br \/>\nTeljes hossz: 1065 mm<br \/>\nT\u00e1lcakapacit\u00e1s: 4<br \/>\nCs\u0151oszt\u00e1s: 1:10\u2033<br \/>\nPicatinny s\u00edn: Nem<br \/>\nA hord\u00f3: rozsdamentes ac\u00e9l + Cerakote Elite<br \/>\n\u00cdg\u00e9ret: Sz\u00e9n<br \/>\nS\u00faly: 3,5 kg<\/p>\n<p>A csomag tartalma:<\/p>\n<p>1x Sako 100 Explorer Carbon puska<br \/>\n1x hordt\u00e1ska a fegyverhez, szil\u00e1rd p\u00e1rn\u00e1zott v\u00e1laszfalakkal<br \/>\n1x Base Optilock Jacket 100<br \/>\n1x Sz\u00e9tszerel\u0151 szersz\u00e1m<br \/>\n1x hevederhurok (p\u00e1r)<br \/>\n1x QD hevederhurok (p\u00e1r)<\/p>","protected":false},"excerpt":{"rendered":"<p>A SAKO 100 a 100 \u00e9ves puskafejleszt\u00e9s cs\u00facspontja, \u00e9s az egyik legjobb, amit a SAKO m\u00e1rka k\u00edn\u00e1l. Ez a pr\u00e9mium kateg\u00f3ri\u00e1s, t\u00f6bb kaliber\u0171 vad\u00e1szpuska, amely a cs\u0151 egyszer\u0171 cser\u00e9j\u00e9vel kaliberv\u00e1lt\u00e1sra k\u00e9pes, k\u00f6zvetlen\u00fcl a cs\u0151re szerelhet\u0151 c\u00e9lt\u00e1vcs\u0151re szerelhet\u0151 s\u00ednnel rendelkezik, amely biztos\u00edtja a l\u00f6v\u00e9s pontoss\u00e1g\u00e1t a kaliberv\u00e1lt\u00e1s ut\u00e1n is. A hat fokozatban, 750 g \u00e9s 1750 g k\u00f6z\u00f6tt \u00e1ll\u00edthat\u00f3 ravaszellen\u00e1ll\u00e1s lehet\u0151v\u00e9 teszi a be\u00e1ll\u00edt\u00e1sok \u00fajb\u00f3li megv\u00e1ltoztat\u00e1s\u00e1t a k\u00fcl\u00f6nb\u00f6z\u0151 helyzetekben t\u00f6rt\u00e9n\u0151 haszn\u00e1lathoz. A hib\u00e1tlan, sima \u00e9s csendes m\u0171k\u00f6d\u00e9s\u00e9r\u0151l ismert legend\u00e1s z\u00e1rszerkezetet egy \u00faj, rendk\u00edv\u00fcl kem\u00e9ny \u00e9s sima fel\u00fclet\u0171 \"gy\u00e9m\u00e1nt\" z\u00e1rfel\u00fclet\u0171 z\u00e1rszerkezet alkalmaz\u00e1s\u00e1val \u00faj szintre emelt\u00e9k. A legfejlettebb CERAKOTE ELITE ker\u00e1miabevonattal ell\u00e1tott cs\u0151 \u00e9s z\u00e1rszerkezet pr\u00e9mium v\u00e9delmet \u00e9s a fegyver egyszer\u0171 karbantart\u00e1s\u00e1t biztos\u00edtja. Az \u00fct\u0151szerkezet k\u00e9zi kiold\u00e1s\u00e1nak lehet\u0151s\u00e9ge hozz\u00e1j\u00e1rul a nagyfok\u00fa biztons\u00e1ghoz. Az optika sz\u00e9tszerel\u00e9s\u00e9hez, a h\u00e1ts\u00f3 sz\u00e1r lev\u00e9tel\u00e9hez \u00e9s a ravaszellen\u00e1ll\u00e1s m\u00e9rt\u00e9k\u00e9nek be\u00e1ll\u00edt\u00e1s\u00e1hoz egy kulcs szolg\u00e1l, amely a l\u0151szerszekr\u00e9nyben tal\u00e1lhat\u00f3. A puska tartoz\u00e9kak\u00e9nt a puska mell\u00e9 egy nyomat\u00e9kkulcsot is mell\u00e9kelnek a cs\u0151cser\u00e9hez.<\/p>","protected":false},"featured_media":10473,"template":"","meta":{"_gspb_post_css":""},"product_brand":[],"product_cat":[1821,1822,2094,2097,1820],"product_tag":[],"class_list":{"0":"post-14773","1":"product","2":"type-product","3":"status-publish","4":"has-post-thumbnail","6":"product_cat-gulovnice-zbrane-b-c","7":"product_cat-sako","8":"product_cat-sako-100","9":"product_cat-sako-100-explorer-carbon","10":"product_cat-zbrane-b-c","12":"first","13":"instock","14":"taxable","15":"shipping-taxable","16":"purchasable","17":"product-type-simple"},"ct_brands":[],"_links":{"self":[{"href":"https:\/\/zbranebudai.sk\/hu\/wp-json\/wp\/v2\/product\/14773","targetHints":{"allow":["GET"]}}],"collection":[{"href":"https:\/\/zbranebudai.sk\/hu\/wp-json\/wp\/v2\/product"}],"about":[{"href":"https:\/\/zbranebudai.sk\/hu\/wp-json\/wp\/v2\/types\/product"}],"wp:featuredmedia":[{"embeddable":true,"href":"https:\/\/zbranebudai.sk\/hu\/wp-json\/wp\/v2\/media\/10473"}],"wp:attachment":[{"href":"https:\/\/zbranebudai.sk\/hu\/wp-json\/wp\/v2\/media?parent=14773"}],"wp:term":[{"taxonomy":"product_brand","embeddable":true,"href":"https:\/\/zbranebudai.sk\/hu\/wp-json\/wp\/v2\/product_brand?post=14773"},{"taxonomy":"product_cat","embeddable":true,"href":"https:\/\/zbranebudai.sk\/hu\/wp-json\/wp\/v2\/product_cat?post=14773"},{"taxonomy":"product_tag","embeddable":true,"href":"https:\/\/zbranebudai.sk\/hu\/wp-json\/wp\/v2\/product_tag?post=14773"}],"curies":[{"name":"wp","href":"https:\/\/api.w.org\/{rel}","templated":true}]}}