{"id":14758,"date":"2025-02-17T17:57:41","date_gmt":"2025-02-17T15:57:41","guid":{"rendered":"https:\/\/zbranebudai.sk\/product\/zasobnik-p30-sfp9-sf-9x19-20-nabojov-pre-pouzite-s-jet-funnelom-lievikom\/"},"modified":"2026-04-16T04:50:03","modified_gmt":"2026-04-16T02:50:03","slug":"p30-sfp9-sf-9x19-20-toltenyes-tar-jet-tolcserrel-valo-hasznalatra","status":"publish","type":"product","link":"https:\/\/zbranebudai.sk\/hu\/product\/zasobnik-p30-sfp9-sf-9x19-20-nabojov-pre-pouzite-s-jet-funnelom-lievikom\/","title":{"rendered":"P30 \/ SFP9-SF t\u00e1r, 9\u00d719, 20 t\u00f6lt\u00e9ny - a sug\u00e1rcs\u0151vel val\u00f3 haszn\u00e1lathoz"},"content":{"rendered":"","protected":false},"excerpt":{"rendered":"<p>T\u00f6lt\u00e9nyt\u00e1r HK P30 \u00e9s SFP9-SF pisztolyokhoz.<\/p>","protected":false},"featured_media":10438,"template":"","meta":{"_gspb_post_css":""},"product_brand":[],"product_cat":[1865,1864,1888,2228,1820],"product_tag":[],"class_list":{"0":"post-14758","1":"product","2":"type-product","3":"status-publish","4":"has-post-thumbnail","6":"product_cat-heckler-koch-pistole-zbrane-b-c","7":"product_cat-pistole-zbrane-b-c","8":"product_cat-prislusenstvo-heckler-koch","9":"product_cat-zasobniky-prislusenstvo-heckler-koch","10":"product_cat-zbrane-b-c","12":"first","13":"outofstock","14":"taxable","15":"shipping-taxable","16":"purchasable","17":"product-type-simple"},"ct_brands":[],"_links":{"self":[{"href":"https:\/\/zbranebudai.sk\/hu\/wp-json\/wp\/v2\/product\/14758","targetHints":{"allow":["GET"]}}],"collection":[{"href":"https:\/\/zbranebudai.sk\/hu\/wp-json\/wp\/v2\/product"}],"about":[{"href":"https:\/\/zbranebudai.sk\/hu\/wp-json\/wp\/v2\/types\/product"}],"wp:featuredmedia":[{"embeddable":true,"href":"https:\/\/zbranebudai.sk\/hu\/wp-json\/wp\/v2\/media\/10438"}],"wp:attachment":[{"href":"https:\/\/zbranebudai.sk\/hu\/wp-json\/wp\/v2\/media?parent=14758"}],"wp:term":[{"taxonomy":"product_brand","embeddable":true,"href":"https:\/\/zbranebudai.sk\/hu\/wp-json\/wp\/v2\/product_brand?post=14758"},{"taxonomy":"product_cat","embeddable":true,"href":"https:\/\/zbranebudai.sk\/hu\/wp-json\/wp\/v2\/product_cat?post=14758"},{"taxonomy":"product_tag","embeddable":true,"href":"https:\/\/zbranebudai.sk\/hu\/wp-json\/wp\/v2\/product_tag?post=14758"}],"curies":[{"name":"wp","href":"https:\/\/api.w.org\/{rel}","templated":true}]}}