{"id":14745,"date":"2025-02-17T17:57:40","date_gmt":"2025-02-17T15:57:40","guid":{"rendered":"https:\/\/zbranebudai.sk\/product\/zakladna-cielnika-pre-spielberg-brno-200f-kal-6mm-me-flobert-court\/"},"modified":"2026-05-07T12:50:07","modified_gmt":"2026-05-07T10:50:07","slug":"alapozo-spielberg-brno-200f-cal-6mm-me-flobert-courthoz","status":"publish","type":"product","link":"https:\/\/zbranebudai.sk\/hu\/product\/zakladna-cielnika-pre-spielberg-brno-200f-kal-6mm-me-flobert-court\/","title":{"rendered":"C\u00e9lz\u00f3talp Spielberg Brno 200F, cal. 6mm ME Flobert b\u00edr\u00f3s\u00e1g"},"content":{"rendered":"","protected":false},"excerpt":{"rendered":"","protected":false},"featured_media":10374,"template":"","meta":{"_gspb_post_css":""},"product_brand":[],"product_cat":[1880,2011,1881,1824],"product_tag":[],"class_list":{"0":"post-14745","1":"product","2":"type-product","3":"status-publish","4":"has-post-thumbnail","6":"product_cat-flobertky","7":"product_cat-prislusenstvo-spielberg-brno","8":"product_cat-spielberg-brno","9":"product_cat-zbrane-18-d","11":"first","12":"outofstock","13":"taxable","14":"shipping-taxable","15":"purchasable","16":"product-type-simple"},"ct_brands":[],"_links":{"self":[{"href":"https:\/\/zbranebudai.sk\/hu\/wp-json\/wp\/v2\/product\/14745","targetHints":{"allow":["GET"]}}],"collection":[{"href":"https:\/\/zbranebudai.sk\/hu\/wp-json\/wp\/v2\/product"}],"about":[{"href":"https:\/\/zbranebudai.sk\/hu\/wp-json\/wp\/v2\/types\/product"}],"wp:featuredmedia":[{"embeddable":true,"href":"https:\/\/zbranebudai.sk\/hu\/wp-json\/wp\/v2\/media\/10374"}],"wp:attachment":[{"href":"https:\/\/zbranebudai.sk\/hu\/wp-json\/wp\/v2\/media?parent=14745"}],"wp:term":[{"taxonomy":"product_brand","embeddable":true,"href":"https:\/\/zbranebudai.sk\/hu\/wp-json\/wp\/v2\/product_brand?post=14745"},{"taxonomy":"product_cat","embeddable":true,"href":"https:\/\/zbranebudai.sk\/hu\/wp-json\/wp\/v2\/product_cat?post=14745"},{"taxonomy":"product_tag","embeddable":true,"href":"https:\/\/zbranebudai.sk\/hu\/wp-json\/wp\/v2\/product_tag?post=14745"}],"curies":[{"name":"wp","href":"https:\/\/api.w.org\/{rel}","templated":true}]}}