{"id":14743,"date":"2025-02-17T17:57:40","date_gmt":"2025-02-17T15:57:40","guid":{"rendered":"https:\/\/zbranebudai.sk\/product\/ruger-22-charger-4938-kal-22lr\/"},"modified":"2026-01-17T12:51:31","modified_gmt":"2026-01-17T10:51:31","slug":"ruger-22-charger-4938-cal-22lr","status":"publish","type":"product","link":"https:\/\/zbranebudai.sk\/hu\/product\/ruger-22-charger-4938-kal-22lr\/","title":{"rendered":"Ruger 22 Charger 4938, cal. .22LR"},"content":{"rendered":"<p>PARAM\u00c9TEREK:<\/p>\n<p>Cs\u0151hossz: 203 mm (8 in)<br \/>\nTeljes hossz: 432 mm<br \/>\nA tart\u00e1ly kapacit\u00e1sa: 15<br \/>\nCs\u0151oszt\u00e1s: 1:16 RH<br \/>\nPicatinny s\u00edn: Igen<br \/>\nA hord\u00f3: ac\u00e9l: Feket\u00e9re festett ac\u00e9l<br \/>\nFoganty\u00fa: Fekete, szintetikus<br \/>\nS\u00faly: 1,47 kg<\/p>","protected":false},"excerpt":{"rendered":"<p>Ruger 22 Charger 4938 - Hidegen kov\u00e1csolt cs\u0151 kiv\u00e9teles pontoss\u00e1got \u00e9s hossz\u00fa \u00e9lettartamot biztos\u00edt. R\u00f6vid pikatinny s\u00edn a k\u00e9szletre val\u00f3 felszerel\u00e9shez. Tartalmazza az \u00e1ll\u00edthat\u00f3 bipodot \u00e9s a 15 t\u00e1ras BX-15\u00ae t\u00e1rat, amely ide\u00e1lis hossz\u00fas\u00e1g\u00fa fekv\u0151 vagy fekv\u0151 l\u00f6v\u00e9szethez.<\/p>","protected":false},"featured_media":10370,"template":"","meta":{"_gspb_post_css":""},"product_brand":[],"product_cat":[1976,1864,1877,1820],"product_tag":[],"class_list":{"0":"post-14743","1":"product","2":"type-product","3":"status-publish","4":"has-post-thumbnail","6":"product_cat-22-charger","7":"product_cat-pistole-zbrane-b-c","8":"product_cat-ruger-pistole-zbrane-b-c","9":"product_cat-zbrane-b-c","11":"first","12":"outofstock","13":"taxable","14":"shipping-taxable","15":"purchasable","16":"product-type-simple"},"ct_brands":[],"_links":{"self":[{"href":"https:\/\/zbranebudai.sk\/hu\/wp-json\/wp\/v2\/product\/14743","targetHints":{"allow":["GET"]}}],"collection":[{"href":"https:\/\/zbranebudai.sk\/hu\/wp-json\/wp\/v2\/product"}],"about":[{"href":"https:\/\/zbranebudai.sk\/hu\/wp-json\/wp\/v2\/types\/product"}],"wp:featuredmedia":[{"embeddable":true,"href":"https:\/\/zbranebudai.sk\/hu\/wp-json\/wp\/v2\/media\/10370"}],"wp:attachment":[{"href":"https:\/\/zbranebudai.sk\/hu\/wp-json\/wp\/v2\/media?parent=14743"}],"wp:term":[{"taxonomy":"product_brand","embeddable":true,"href":"https:\/\/zbranebudai.sk\/hu\/wp-json\/wp\/v2\/product_brand?post=14743"},{"taxonomy":"product_cat","embeddable":true,"href":"https:\/\/zbranebudai.sk\/hu\/wp-json\/wp\/v2\/product_cat?post=14743"},{"taxonomy":"product_tag","embeddable":true,"href":"https:\/\/zbranebudai.sk\/hu\/wp-json\/wp\/v2\/product_tag?post=14743"}],"curies":[{"name":"wp","href":"https:\/\/api.w.org\/{rel}","templated":true}]}}