{"id":14742,"date":"2025-02-17T17:57:39","date_gmt":"2025-02-17T15:57:39","guid":{"rendered":"https:\/\/zbranebudai.sk\/product\/ruger-22-charger-lite-4935-kal-22lr-takedown\/"},"modified":"2026-01-17T13:07:30","modified_gmt":"2026-01-17T11:07:30","slug":"ruger-22-charger-lite-4935-cal-22lr-takedown","status":"publish","type":"product","link":"https:\/\/zbranebudai.sk\/hu\/product\/ruger-22-charger-lite-4935-kal-22lr-takedown\/","title":{"rendered":"Ruger 22 Charger Lite 4935, cal. .22LR, Takedown"},"content":{"rendered":"<p>PARAM\u00c9TEREK:<\/p>\n<p>Cs\u0151hossz: 254 mm (10 in)<br \/>\nTeljes hossz: 483 mm<br \/>\nA tart\u00e1ly kapacit\u00e1sa: 15<br \/>\nCs\u0151oszt\u00e1s: 1:16 RH<br \/>\nPicatinny s\u00edn: Igen<br \/>\nA hord\u00f3: ac\u00e9l: Feket\u00e9re festett ac\u00e9l<br \/>\nFoganty\u00fa: Fekete, szintetikus<br \/>\nS\u00faly: 1,62 kg<\/p>","protected":false},"excerpt":{"rendered":"<p>Ruger 22 Charger Lite 4935 pisztoly - Hidegen kov\u00e1csolt cs\u0151, amely egy k\u00f6nny\u00edtett alum\u00ednium\u00f6tv\u00f6zetb\u0151l k\u00e9sz\u00fclt tokba van fesz\u00edtve. R\u00f6vid pikatinny s\u00edn a t\u00f6rzshelyre t\u00f6rt\u00e9n\u0151 r\u00f6gz\u00edt\u00e9shez. Tartalmazza az \u00e1ll\u00edthat\u00f3 bipodot \u00e9s a 15 t\u00e1ras BX-15\u00ae t\u00e1rat, amely ide\u00e1lis hossz\u00fas\u00e1g\u00fa a fekv\u0151 vagy fekvenyom\u00e1sos l\u00f6v\u00e9szethez.<\/p>","protected":false},"featured_media":10368,"template":"","meta":{"_gspb_post_css":""},"product_brand":[],"product_cat":[1976,1864,1877,1820],"product_tag":[],"class_list":{"0":"post-14742","1":"product","2":"type-product","3":"status-publish","4":"has-post-thumbnail","6":"product_cat-22-charger","7":"product_cat-pistole-zbrane-b-c","8":"product_cat-ruger-pistole-zbrane-b-c","9":"product_cat-zbrane-b-c","11":"first","12":"outofstock","13":"taxable","14":"shipping-taxable","15":"purchasable","16":"product-type-simple"},"ct_brands":[],"_links":{"self":[{"href":"https:\/\/zbranebudai.sk\/hu\/wp-json\/wp\/v2\/product\/14742","targetHints":{"allow":["GET"]}}],"collection":[{"href":"https:\/\/zbranebudai.sk\/hu\/wp-json\/wp\/v2\/product"}],"about":[{"href":"https:\/\/zbranebudai.sk\/hu\/wp-json\/wp\/v2\/types\/product"}],"wp:featuredmedia":[{"embeddable":true,"href":"https:\/\/zbranebudai.sk\/hu\/wp-json\/wp\/v2\/media\/10368"}],"wp:attachment":[{"href":"https:\/\/zbranebudai.sk\/hu\/wp-json\/wp\/v2\/media?parent=14742"}],"wp:term":[{"taxonomy":"product_brand","embeddable":true,"href":"https:\/\/zbranebudai.sk\/hu\/wp-json\/wp\/v2\/product_brand?post=14742"},{"taxonomy":"product_cat","embeddable":true,"href":"https:\/\/zbranebudai.sk\/hu\/wp-json\/wp\/v2\/product_cat?post=14742"},{"taxonomy":"product_tag","embeddable":true,"href":"https:\/\/zbranebudai.sk\/hu\/wp-json\/wp\/v2\/product_tag?post=14742"}],"curies":[{"name":"wp","href":"https:\/\/api.w.org\/{rel}","templated":true}]}}