{"id":14740,"date":"2025-02-17T17:57:39","date_gmt":"2025-02-17T15:57:39","guid":{"rendered":"https:\/\/zbranebudai.sk\/product\/ruger-american-pistol-compact-8639-kal-9mm-luger\/"},"modified":"2025-10-06T14:59:33","modified_gmt":"2025-10-06T12:59:33","slug":"ruger-amerikai-pisztoly-kompakt-8639-cal-9mm-luger","status":"publish","type":"product","link":"https:\/\/zbranebudai.sk\/hu\/product\/ruger-american-pistol-compact-8639-kal-9mm-luger\/","title":{"rendered":"Ruger American Pistol Compact 8639, cal. 9mm Luger"},"content":{"rendered":"<p>PARAM\u00c9TEREK:<\/p>\n<p>A tart\u00e1ly kapacit\u00e1sa: 17<br \/>\nCs\u0151hossz: 90 mm (3.55 in)<br \/>\nTeljes hossz: 169 mm<br \/>\nSz\u00e9less\u00e9g: 27 mm<br \/>\nMagass\u00e1g: 114 mm<br \/>\nCs\u0151oszt\u00e1s: 1:10 RH<br \/>\nS\u00faly: 828 g<\/p>\n<p>CSOMAG TARTALMA:<\/p>\n<p>1x Pisztoly<br \/>\n2x t\u00e1r (1 x 12rd, 1 x 17rd)<br \/>\n1x lapos alj\u00fa t\u00e1lca<br \/>\n2x cser\u00e9lhet\u0151 markolatmodulok (a harmadik a fegyveren)<br \/>\n1x fegyverz\u00e1r<br \/>\n1x b\u0151r\u00f6nd<\/p>","protected":false},"excerpt":{"rendered":"<p>A Ruger American Pistol Compactot a legmagasabb elv\u00e1r\u00e1soknak megfelel\u0151en tervezt\u00e9k a legkem\u00e9nyebb k\u00f6r\u00fclm\u00e9nyek k\u00f6z\u00f6tt is. Nagy teljes\u00edtm\u00e9ny\u0171 l\u0151szerek tart\u00f3s haszn\u00e1lat\u00e1ra tesztelt\u00e9k +P l\u0151por t\u00f6ltettel. Az el\u0151fesz\u00edtett els\u00fct\u0151szeg t\u00f6m\u00f6r rug\u00f3val biztos\u00edtja a megb\u00edzhat\u00f3 els\u00fct\u00e9st, mik\u00f6zben a ravasznak enyhe ellen\u00e1ll\u00e1st biztos\u00edt. Modul\u00e1ris rendszer\u0171, cser\u00e9lhet\u0151 markolatok h\u00e1rom m\u00e9retben a k\u00fcl\u00f6nb\u00f6z\u0151 k\u00e9zm\u00e9retekhez. Nagyszer\u0171 h\u00e1rompontos Novak\u00ae LoMount Carry c\u00e9lz\u00f3k\u00e9sz\u00fcl\u00e9k sz\u00e9les kiv\u00e1g\u00e1ssal a gyors c\u00e9lz\u00e1s \u00e9rdek\u00e9ben. K\u00e9tkezes reteszr\u00f6gz\u00edt\u0151 \u00e9s t\u00e1rkiold\u00f3. A biztons\u00e1gi funkci\u00f3k k\u00f6z\u00e9 tartozik a bels\u0151 automatikus els\u00fct\u0151szeg-r\u00f6gz\u00edt\u0151 rendszer, a k\u00e9tkezes k\u00e9zi biztos\u00edt\u00e9k, a be\u00e9p\u00edtett ravaszbiztos\u00edt\u00e1s \u00e9s a t\u00f6lt\u00f6tt\/\u00fcres t\u00e1r vizu\u00e1lis meger\u0151s\u00edt\u00e9se. Ac\u00e9l t\u00e1rak nikkel-teflon bevonattal.<\/p>","protected":false},"featured_media":10364,"template":"","meta":{"_gspb_post_css":""},"product_brand":[],"product_cat":[1864,1877,1979,1820],"product_tag":[],"class_list":{"0":"post-14740","1":"product","2":"type-product","3":"status-publish","4":"has-post-thumbnail","6":"product_cat-pistole-zbrane-b-c","7":"product_cat-ruger-pistole-zbrane-b-c","8":"product_cat-ruger-american-pistol","9":"product_cat-zbrane-b-c","11":"first","12":"outofstock","13":"taxable","14":"shipping-taxable","15":"purchasable","16":"product-type-simple"},"ct_brands":[],"_links":{"self":[{"href":"https:\/\/zbranebudai.sk\/hu\/wp-json\/wp\/v2\/product\/14740","targetHints":{"allow":["GET"]}}],"collection":[{"href":"https:\/\/zbranebudai.sk\/hu\/wp-json\/wp\/v2\/product"}],"about":[{"href":"https:\/\/zbranebudai.sk\/hu\/wp-json\/wp\/v2\/types\/product"}],"wp:featuredmedia":[{"embeddable":true,"href":"https:\/\/zbranebudai.sk\/hu\/wp-json\/wp\/v2\/media\/10364"}],"wp:attachment":[{"href":"https:\/\/zbranebudai.sk\/hu\/wp-json\/wp\/v2\/media?parent=14740"}],"wp:term":[{"taxonomy":"product_brand","embeddable":true,"href":"https:\/\/zbranebudai.sk\/hu\/wp-json\/wp\/v2\/product_brand?post=14740"},{"taxonomy":"product_cat","embeddable":true,"href":"https:\/\/zbranebudai.sk\/hu\/wp-json\/wp\/v2\/product_cat?post=14740"},{"taxonomy":"product_tag","embeddable":true,"href":"https:\/\/zbranebudai.sk\/hu\/wp-json\/wp\/v2\/product_tag?post=14740"}],"curies":[{"name":"wp","href":"https:\/\/api.w.org\/{rel}","templated":true}]}}