{"id":14737,"date":"2025-02-17T17:57:39","date_gmt":"2025-02-17T15:57:39","guid":{"rendered":"https:\/\/zbranebudai.sk\/product\/lovecka-vesta-sako-velkost-xl-oranzova\/"},"modified":"2026-04-09T02:07:02","modified_gmt":"2026-04-09T00:07:02","slug":"vadaszmelleny-kabat-meret-xl-narancssarga","status":"publish","type":"product","link":"https:\/\/zbranebudai.sk\/hu\/product\/lovecka-vesta-sako-velkost-xl-oranzova\/","title":{"rendered":"Vad\u00e1szmell\u00e9ny kab\u00e1t, XL m\u00e9ret, narancss\u00e1rga"},"content":{"rendered":"","protected":false},"excerpt":{"rendered":"","protected":false},"featured_media":10336,"template":"","meta":{"_gspb_post_css":""},"product_brand":[],"product_cat":[1939,1821,1928,1822,1820],"product_tag":[],"class_list":{"0":"post-14737","1":"product","2":"type-product","3":"status-publish","4":"has-post-thumbnail","6":"product_cat-doplnky-prislusenstvo-sako","7":"product_cat-gulovnice-zbrane-b-c","8":"product_cat-prislusenstvo-sako","9":"product_cat-sako","10":"product_cat-zbrane-b-c","12":"first","13":"instock","14":"taxable","15":"shipping-taxable","16":"purchasable","17":"product-type-simple"},"ct_brands":[],"_links":{"self":[{"href":"https:\/\/zbranebudai.sk\/hu\/wp-json\/wp\/v2\/product\/14737","targetHints":{"allow":["GET"]}}],"collection":[{"href":"https:\/\/zbranebudai.sk\/hu\/wp-json\/wp\/v2\/product"}],"about":[{"href":"https:\/\/zbranebudai.sk\/hu\/wp-json\/wp\/v2\/types\/product"}],"wp:featuredmedia":[{"embeddable":true,"href":"https:\/\/zbranebudai.sk\/hu\/wp-json\/wp\/v2\/media\/10336"}],"wp:attachment":[{"href":"https:\/\/zbranebudai.sk\/hu\/wp-json\/wp\/v2\/media?parent=14737"}],"wp:term":[{"taxonomy":"product_brand","embeddable":true,"href":"https:\/\/zbranebudai.sk\/hu\/wp-json\/wp\/v2\/product_brand?post=14737"},{"taxonomy":"product_cat","embeddable":true,"href":"https:\/\/zbranebudai.sk\/hu\/wp-json\/wp\/v2\/product_cat?post=14737"},{"taxonomy":"product_tag","embeddable":true,"href":"https:\/\/zbranebudai.sk\/hu\/wp-json\/wp\/v2\/product_tag?post=14737"}],"curies":[{"name":"wp","href":"https:\/\/api.w.org\/{rel}","templated":true}]}}