{"id":14731,"date":"2025-02-17T17:57:38","date_gmt":"2025-02-17T15:57:38","guid":{"rendered":"https:\/\/zbranebudai.sk\/product\/puzdro-na-gulovnicu-tikka-premium-oranzovo-cierne\/"},"modified":"2026-05-07T13:03:21","modified_gmt":"2026-05-07T11:03:21","slug":"labdataska-tikka-premium-narancssarga-es-fekete","status":"publish","type":"product","link":"https:\/\/zbranebudai.sk\/hu\/product\/puzdro-na-gulovnicu-tikka-premium-oranzovo-cierne\/","title":{"rendered":"TIKKA Premium puskat\u00e1ska - narancss\u00e1rga \u00e9s fekete"},"content":{"rendered":"","protected":false},"excerpt":{"rendered":"<p>Hossz\u00fa fegyvert\u00e1ska \u00e1ll\u00edthat\u00f3 v\u00e1llp\u00e1nttal \u00e9s oldalzsebbel. Bels\u0151 m\u00e9retei 132 x 26 cm.<\/p>","protected":false},"featured_media":10296,"template":"","meta":{"_gspb_post_css":""},"product_brand":[],"product_cat":[1879,1821,1855,1854,1820],"product_tag":[],"class_list":{"0":"post-14731","1":"product","2":"type-product","3":"status-publish","4":"has-post-thumbnail","6":"product_cat-doplnky","7":"product_cat-gulovnice-zbrane-b-c","8":"product_cat-prislusenstvo-tikka","9":"product_cat-tikka","10":"product_cat-zbrane-b-c","12":"first","13":"instock","14":"taxable","15":"shipping-taxable","16":"purchasable","17":"product-type-simple"},"ct_brands":[],"_links":{"self":[{"href":"https:\/\/zbranebudai.sk\/hu\/wp-json\/wp\/v2\/product\/14731","targetHints":{"allow":["GET"]}}],"collection":[{"href":"https:\/\/zbranebudai.sk\/hu\/wp-json\/wp\/v2\/product"}],"about":[{"href":"https:\/\/zbranebudai.sk\/hu\/wp-json\/wp\/v2\/types\/product"}],"wp:featuredmedia":[{"embeddable":true,"href":"https:\/\/zbranebudai.sk\/hu\/wp-json\/wp\/v2\/media\/10296"}],"wp:attachment":[{"href":"https:\/\/zbranebudai.sk\/hu\/wp-json\/wp\/v2\/media?parent=14731"}],"wp:term":[{"taxonomy":"product_brand","embeddable":true,"href":"https:\/\/zbranebudai.sk\/hu\/wp-json\/wp\/v2\/product_brand?post=14731"},{"taxonomy":"product_cat","embeddable":true,"href":"https:\/\/zbranebudai.sk\/hu\/wp-json\/wp\/v2\/product_cat?post=14731"},{"taxonomy":"product_tag","embeddable":true,"href":"https:\/\/zbranebudai.sk\/hu\/wp-json\/wp\/v2\/product_tag?post=14731"}],"curies":[{"name":"wp","href":"https:\/\/api.w.org\/{rel}","templated":true}]}}