{"id":14729,"date":"2025-02-17T17:57:37","date_gmt":"2025-02-17T15:57:37","guid":{"rendered":"https:\/\/zbranebudai.sk\/product\/cistenie-hlavne-t4e-68\/"},"modified":"2026-04-30T09:12:16","modified_gmt":"2026-04-30T07:12:16","slug":"csotisztitas-t4e-68","status":"publish","type":"product","link":"https:\/\/zbranebudai.sk\/hu\/product\/cistenie-hlavne-t4e-68\/","title":{"rendered":"Cs\u0151tiszt\u00edt\u00e1s T4E .68"},"content":{"rendered":"","protected":false},"excerpt":{"rendered":"<p>Szersz\u00e1m T4E .68 kaliber\u0171 fegyverek cs\u00f6v\u00e9nek tiszt\u00edt\u00e1s\u00e1hoz<\/p>","protected":false},"featured_media":10284,"template":"","meta":{"_gspb_post_css":""},"product_brand":[],"product_cat":[2071,1824,1828,2070],"product_tag":[],"class_list":{"0":"post-14729","1":"product","2":"type-product","3":"status-publish","4":"has-post-thumbnail","6":"product_cat-prislusenstvo-t4e","7":"product_cat-zbrane-18-d","8":"product_cat-zbrane-na-co2","9":"product_cat-zbrane-t4e","11":"first","12":"instock","13":"taxable","14":"shipping-taxable","15":"purchasable","16":"product-type-simple"},"ct_brands":[],"_links":{"self":[{"href":"https:\/\/zbranebudai.sk\/hu\/wp-json\/wp\/v2\/product\/14729","targetHints":{"allow":["GET"]}}],"collection":[{"href":"https:\/\/zbranebudai.sk\/hu\/wp-json\/wp\/v2\/product"}],"about":[{"href":"https:\/\/zbranebudai.sk\/hu\/wp-json\/wp\/v2\/types\/product"}],"wp:featuredmedia":[{"embeddable":true,"href":"https:\/\/zbranebudai.sk\/hu\/wp-json\/wp\/v2\/media\/10284"}],"wp:attachment":[{"href":"https:\/\/zbranebudai.sk\/hu\/wp-json\/wp\/v2\/media?parent=14729"}],"wp:term":[{"taxonomy":"product_brand","embeddable":true,"href":"https:\/\/zbranebudai.sk\/hu\/wp-json\/wp\/v2\/product_brand?post=14729"},{"taxonomy":"product_cat","embeddable":true,"href":"https:\/\/zbranebudai.sk\/hu\/wp-json\/wp\/v2\/product_cat?post=14729"},{"taxonomy":"product_tag","embeddable":true,"href":"https:\/\/zbranebudai.sk\/hu\/wp-json\/wp\/v2\/product_tag?post=14729"}],"curies":[{"name":"wp","href":"https:\/\/api.w.org\/{rel}","templated":true}]}}