{"id":14727,"date":"2025-02-17T17:57:37","date_gmt":"2025-02-17T15:57:37","guid":{"rendered":"https:\/\/zbranebudai.sk\/product\/tikka-t3x-upr-kal-65-creedmoor-ns-ss-10rd-pica-20moa-24in-mt5-8-24\/"},"modified":"2026-04-23T07:38:21","modified_gmt":"2026-04-23T05:38:21","slug":"tikka-t3x-upr-cal-65-creedmoor-ns-ss-10rd-pica-20moa-24in-24in-mt5-8-24","status":"publish","type":"product","link":"https:\/\/zbranebudai.sk\/hu\/product\/tikka-t3x-upr-kal-65-creedmoor-ns-ss-10rd-pica-20moa-24in-mt5-8-24\/","title":{"rendered":"Tikka T3x UPR, cal. 6,5 Creedmoor (NS SS 10RD PICA 20MOA 24in MT5\/8-24 )"},"content":{"rendered":"","protected":false},"excerpt":{"rendered":"<p>A T3x Ultimate Precision Rifle egy \u00fajfajta, k\u00f6nny\u0171 sz\u00e1rszerkezetet vezet be: az \u00e1gyazat egy extra r\u00e9teg sz\u00e9nsz\u00e1lat tartalmaz \u00fcvegsz\u00e1llal keverve a nagyobb merevs\u00e9g \u00e9s pontoss\u00e1g \u00e9rdek\u00e9ben. Az \u00e1llom\u00e1nyt \u00e9rdes bevonattal l\u00e1tt\u00e1k el a lehet\u0151 legjobb fog\u00e1s \u00e9rdek\u00e9ben minden k\u00f6r\u00fclm\u00e9nyek k\u00f6z\u00f6tt, \u00e9s QD hevederfelszerel\u00e9ssel rendelkezik. V\u00e1laszthat egyfokozat\u00fa vagy \u00e1ll\u00edthat\u00f3 ravasz k\u00f6z\u00f6tt.<\/p>","protected":false},"featured_media":10250,"template":"","meta":{"_gspb_post_css":""},"product_brand":[],"product_cat":[1821,2039,1854,1861,1820],"product_tag":[],"class_list":{"0":"post-14727","1":"product","2":"type-product","3":"status-publish","4":"has-post-thumbnail","6":"product_cat-gulovnice-zbrane-b-c","7":"product_cat-t3x-upr","8":"product_cat-tikka","9":"product_cat-tikka-t3x","10":"product_cat-zbrane-b-c","12":"first","13":"outofstock","14":"taxable","15":"shipping-taxable","16":"purchasable","17":"product-type-simple"},"ct_brands":[],"_links":{"self":[{"href":"https:\/\/zbranebudai.sk\/hu\/wp-json\/wp\/v2\/product\/14727","targetHints":{"allow":["GET"]}}],"collection":[{"href":"https:\/\/zbranebudai.sk\/hu\/wp-json\/wp\/v2\/product"}],"about":[{"href":"https:\/\/zbranebudai.sk\/hu\/wp-json\/wp\/v2\/types\/product"}],"wp:featuredmedia":[{"embeddable":true,"href":"https:\/\/zbranebudai.sk\/hu\/wp-json\/wp\/v2\/media\/10250"}],"wp:attachment":[{"href":"https:\/\/zbranebudai.sk\/hu\/wp-json\/wp\/v2\/media?parent=14727"}],"wp:term":[{"taxonomy":"product_brand","embeddable":true,"href":"https:\/\/zbranebudai.sk\/hu\/wp-json\/wp\/v2\/product_brand?post=14727"},{"taxonomy":"product_cat","embeddable":true,"href":"https:\/\/zbranebudai.sk\/hu\/wp-json\/wp\/v2\/product_cat?post=14727"},{"taxonomy":"product_tag","embeddable":true,"href":"https:\/\/zbranebudai.sk\/hu\/wp-json\/wp\/v2\/product_tag?post=14727"}],"curies":[{"name":"wp","href":"https:\/\/api.w.org\/{rel}","templated":true}]}}