{"id":14718,"date":"2025-02-17T17:57:36","date_gmt":"2025-02-17T15:57:36","guid":{"rendered":"https:\/\/zbranebudai.sk\/product\/hk-g28z-kal-308win\/"},"modified":"2026-05-07T12:52:23","modified_gmt":"2026-05-07T10:52:23","slug":"hk-g28z-cal-308win","status":"publish","type":"product","link":"https:\/\/zbranebudai.sk\/hu\/product\/hk-g28z-kal-308win\/","title":{"rendered":"HK G28Z, cal. .308Win."},"content":{"rendered":"<p>PARAM\u00c9TEREK:<\/p>\n<p>Cs\u0151hossz: 421 mm (16.5 in)<br \/>\nTeljes hossz: 965-1082 mm<br \/>\nA tart\u00e1ly kapacit\u00e1sa: 10<br \/>\nCs\u0151oszt\u00e1s: 1:11<br \/>\nPicatinny s\u00edn: Igen<br \/>\nA hord\u00f3: ac\u00e9l: Feket\u00e9re festett ac\u00e9l<br \/>\n\u00cdg\u00e9ret: Teleszk\u00f3pos<br \/>\nS\u00faly: 5,8 kg<\/p>","protected":false},"excerpt":{"rendered":"<p>A G28Z a hadsereg G28-as pusk\u00e1j\u00e1nak polg\u00e1ri v\u00e1ltozata, amely 600 m\u00e9terig biztos\u00edtja a maxim\u00e1lis hat\u00e1sos l\u0151t\u00e1vols\u00e1got \u00e9s az els\u0151 l\u00f6ved\u00e9k eltal\u00e1l\u00e1s\u00e1nak nagy val\u00f3sz\u00edn\u0171s\u00e9g\u00e9t. Z\u00f6ld-barna sz\u00ednez\u00e9s\u0171, \u00e1lc\u00e1z\u00f3 hat\u00e1s\u00fa. Garant\u00e1ltan 1,5 MOA pontoss\u00e1g \"prec\u00edzi\u00f3s\" kateg\u00f3ri\u00e1j\u00fa l\u0151szerrel. Ellen\u00e1ll a NATO-AC225\/D14 cs\u0151elt\u00f6m\u0151d\u00e9si tesztnek. Teleszk\u00f3pos sz\u00e1r \u00e1ll\u00edthat\u00f3 orr-r\u00e9sszel. \u00c1ll\u00edthat\u00f3 g\u00e1zny\u00edl\u00e1s l\u00f6v\u00e9s-zajcsillap\u00edt\u00f3 haszn\u00e1lat\u00e1hoz. \u00daj Stanag 4694 NATO s\u00edn \u00e9s s\u00edntart\u00f3k (visszafel\u00e9 kompatibilis a MIL-STD-1913 s\u00ednnel).<\/p>","protected":false},"featured_media":10188,"template":"","meta":{"_gspb_post_css":""},"product_brand":[],"product_cat":[2090,1821,1868,1867,1820],"product_tag":[],"class_list":{"0":"post-14718","1":"product","2":"type-product","3":"status-publish","4":"has-post-thumbnail","6":"product_cat-g28z","7":"product_cat-gulovnice-zbrane-b-c","8":"product_cat-gulovnice-hk","9":"product_cat-heckler-koch-gulovnice-zbrane-b-c","10":"product_cat-zbrane-b-c","12":"first","13":"outofstock","14":"taxable","15":"shipping-taxable","16":"purchasable","17":"product-type-simple"},"ct_brands":[],"_links":{"self":[{"href":"https:\/\/zbranebudai.sk\/hu\/wp-json\/wp\/v2\/product\/14718","targetHints":{"allow":["GET"]}}],"collection":[{"href":"https:\/\/zbranebudai.sk\/hu\/wp-json\/wp\/v2\/product"}],"about":[{"href":"https:\/\/zbranebudai.sk\/hu\/wp-json\/wp\/v2\/types\/product"}],"wp:featuredmedia":[{"embeddable":true,"href":"https:\/\/zbranebudai.sk\/hu\/wp-json\/wp\/v2\/media\/10188"}],"wp:attachment":[{"href":"https:\/\/zbranebudai.sk\/hu\/wp-json\/wp\/v2\/media?parent=14718"}],"wp:term":[{"taxonomy":"product_brand","embeddable":true,"href":"https:\/\/zbranebudai.sk\/hu\/wp-json\/wp\/v2\/product_brand?post=14718"},{"taxonomy":"product_cat","embeddable":true,"href":"https:\/\/zbranebudai.sk\/hu\/wp-json\/wp\/v2\/product_cat?post=14718"},{"taxonomy":"product_tag","embeddable":true,"href":"https:\/\/zbranebudai.sk\/hu\/wp-json\/wp\/v2\/product_tag?post=14718"}],"curies":[{"name":"wp","href":"https:\/\/api.w.org\/{rel}","templated":true}]}}