{"id":14716,"date":"2025-02-17T17:57:36","date_gmt":"2025-02-17T15:57:36","guid":{"rendered":"https:\/\/zbranebudai.sk\/product\/sipy-nxg-fiberglass-suction-cup-27-3ks\/"},"modified":"2025-07-12T16:40:34","modified_gmt":"2025-07-12T14:40:34","slug":"sippy-nxg-uvegszalas-tapadokorong-27-3db","status":"publish","type":"product","link":"https:\/\/zbranebudai.sk\/hu\/product\/sipy-nxg-fiberglass-suction-cup-27-3ks\/","title":{"rendered":"NXG \u00fcvegsz\u00e1las tapad\u00f3korong 27\u2033, 3db"},"content":{"rendered":"<p>PARAM\u00c9TEREK:<\/p>\n<p>Hossz: 27\u2033 \/ 686 mm\u00a0<br \/>\nGerinc (merevs\u00e9g ): 700<br \/>\nAnyag: \u00fcvegsz\u00e1las<br \/>\nS\u00faly: 40 g<\/p>","protected":false},"excerpt":{"rendered":"<p>\u00cdj ny\u00edlvessz\u0151k tapad\u00f3koronggal. 3 db csomagban.<\/p>","protected":false},"featured_media":10174,"template":"","meta":{"_gspb_post_css":""},"product_brand":[],"product_cat":[1973,1850,2089,1824],"product_tag":[],"class_list":{"0":"post-14716","1":"product","2":"type-product","3":"status-publish","4":"has-post-thumbnail","6":"product_cat-luky","7":"product_cat-mechanicke-zbrane","8":"product_cat-sipy-pre-luky","9":"product_cat-zbrane-18-d","11":"first","12":"outofstock","13":"taxable","14":"shipping-taxable","15":"purchasable","16":"product-type-simple"},"ct_brands":[],"_links":{"self":[{"href":"https:\/\/zbranebudai.sk\/hu\/wp-json\/wp\/v2\/product\/14716","targetHints":{"allow":["GET"]}}],"collection":[{"href":"https:\/\/zbranebudai.sk\/hu\/wp-json\/wp\/v2\/product"}],"about":[{"href":"https:\/\/zbranebudai.sk\/hu\/wp-json\/wp\/v2\/types\/product"}],"wp:featuredmedia":[{"embeddable":true,"href":"https:\/\/zbranebudai.sk\/hu\/wp-json\/wp\/v2\/media\/10174"}],"wp:attachment":[{"href":"https:\/\/zbranebudai.sk\/hu\/wp-json\/wp\/v2\/media?parent=14716"}],"wp:term":[{"taxonomy":"product_brand","embeddable":true,"href":"https:\/\/zbranebudai.sk\/hu\/wp-json\/wp\/v2\/product_brand?post=14716"},{"taxonomy":"product_cat","embeddable":true,"href":"https:\/\/zbranebudai.sk\/hu\/wp-json\/wp\/v2\/product_cat?post=14716"},{"taxonomy":"product_tag","embeddable":true,"href":"https:\/\/zbranebudai.sk\/hu\/wp-json\/wp\/v2\/product_tag?post=14716"}],"curies":[{"name":"wp","href":"https:\/\/api.w.org\/{rel}","templated":true}]}}