{"id":14712,"date":"2025-02-17T17:57:35","date_gmt":"2025-02-17T15:57:35","guid":{"rendered":"https:\/\/zbranebudai.sk\/product\/luk-nxg-cb-robin-master-35-70-lb\/"},"modified":"2025-08-31T03:04:33","modified_gmt":"2025-08-31T01:04:33","slug":"bow-nxg-cb-robin-master-35-70-lb","status":"publish","type":"product","link":"https:\/\/zbranebudai.sk\/hu\/product\/luk-nxg-cb-robin-master-35-70-lb\/","title":{"rendered":"NXG CB Robin Master \u00edj (35-70 font)"},"content":{"rendered":"<p>PARAM\u00c9TEREK:<\/p>\n<p>Ny\u00fajt\u00e1s: 35 - 70 font<br \/>\nHossza 90 cm<br \/>\nAnyag: \u00fcvegsz\u00e1las<br \/>\nAj\u00e1nlott ny\u00edlhossz: 30\u2033<br \/>\nS\u00faly: 2,09 kg<\/p>","protected":false},"excerpt":{"rendered":"<p>Az NXG CB Robin Master \u00edj maxim\u00e1lis egy\u00e9nre szabhat\u00f3s\u00e1g\u00e1nak k\u00f6sz\u00f6nhet\u0151en k\u00fcl\u00f6nb\u00f6z\u0151 koroszt\u00e1lyok sz\u00e1m\u00e1ra alkalmas. \u00c1ll\u00edthat\u00f3 von\u00f3hossz \u00e9s energia a 35 - 70 font k\u00f6z\u00f6tti tartom\u00e1nyban. Nagynyom\u00e1s\u00fa \u00f6nt\u00f6tt \u00fcvegsz\u00e1lb\u00f3l k\u00e9sz\u00fclt karok, gumib\u00f3l k\u00e9sz\u00fclt csillap\u00edt\u00f3kkal. \u00c1ll\u00edthat\u00f3 stabiliz\u00e1tor az optim\u00e1lis s\u00falyeloszt\u00e1s \u00e9rdek\u00e9ben. Prec\u00edzi\u00f3s 4 pontos ir\u00e1nyz\u00e9k bubor\u00e9kos v\u00edzm\u00e9rt\u00e9kkel \u00e9s vizorral. D-hurok k\u00e1belek. Alum\u00ednium foganty\u00fa. A csomag tartalma: \u00edj, levehet\u0151 5 nyilas kos\u00e1r, szerel\u0151szersz\u00e1m.<\/p>","protected":false},"featured_media":10166,"template":"","meta":{"_gspb_post_css":""},"product_brand":[],"product_cat":[2088,1973,1850,1824],"product_tag":[],"class_list":{"0":"post-14712","1":"product","2":"type-product","3":"status-publish","4":"has-post-thumbnail","6":"product_cat-kladkove-luky","7":"product_cat-luky","8":"product_cat-mechanicke-zbrane","9":"product_cat-zbrane-18-d","11":"first","12":"outofstock","13":"taxable","14":"shipping-taxable","15":"purchasable","16":"product-type-simple"},"ct_brands":[],"_links":{"self":[{"href":"https:\/\/zbranebudai.sk\/hu\/wp-json\/wp\/v2\/product\/14712","targetHints":{"allow":["GET"]}}],"collection":[{"href":"https:\/\/zbranebudai.sk\/hu\/wp-json\/wp\/v2\/product"}],"about":[{"href":"https:\/\/zbranebudai.sk\/hu\/wp-json\/wp\/v2\/types\/product"}],"wp:featuredmedia":[{"embeddable":true,"href":"https:\/\/zbranebudai.sk\/hu\/wp-json\/wp\/v2\/media\/10166"}],"wp:attachment":[{"href":"https:\/\/zbranebudai.sk\/hu\/wp-json\/wp\/v2\/media?parent=14712"}],"wp:term":[{"taxonomy":"product_brand","embeddable":true,"href":"https:\/\/zbranebudai.sk\/hu\/wp-json\/wp\/v2\/product_brand?post=14712"},{"taxonomy":"product_cat","embeddable":true,"href":"https:\/\/zbranebudai.sk\/hu\/wp-json\/wp\/v2\/product_cat?post=14712"},{"taxonomy":"product_tag","embeddable":true,"href":"https:\/\/zbranebudai.sk\/hu\/wp-json\/wp\/v2\/product_tag?post=14712"}],"curies":[{"name":"wp","href":"https:\/\/api.w.org\/{rel}","templated":true}]}}