{"id":14711,"date":"2025-02-17T17:57:35","date_gmt":"2025-02-17T15:57:35","guid":{"rendered":"https:\/\/zbranebudai.sk\/product\/luk-nxg-rb-youth-first-shot-competition-set-15-lb\/"},"modified":"2026-04-09T01:09:56","modified_gmt":"2026-04-08T23:09:56","slug":"luk-nxg-rb-ifjusagi-elso-loves-verseny-keszlet-15-font","status":"publish","type":"product","link":"https:\/\/zbranebudai.sk\/hu\/product\/luk-nxg-rb-youth-first-shot-competition-set-15-lb\/","title":{"rendered":"Luk NXG RB Ifj\u00fas\u00e1gi First Shot Competition Set (15 lb)"},"content":{"rendered":"<p>PARAM\u00c9TEREK:<\/p>\n<p>Fesz\u00fclts\u00e9g: 15 font<br \/>\nHossza 123 cm<br \/>\nAnyag: \u00fcvegsz\u00e1las<br \/>\nAj\u00e1nlott ny\u00edlhossz: 26-28\u2033<br \/>\nS\u00faly: 305 g<\/p>","protected":false},"excerpt":{"rendered":"<p>A k\u00f6nny\u0171, f\u00e9nyvisszaver\u0151 \u00edj NXG RB Youth First Shot Competition Set kisebb von\u00e1si energi\u00e1ja \u00e9s kis s\u00falya miatt alkalmas gyermekek sz\u00e1m\u00e1ra. Univerz\u00e1lisan form\u00e1zott markolat bal- \u00e9s jobbkezes l\u00f6v\u0151k sz\u00e1m\u00e1ra, integr\u00e1lt ny\u00edlt\u00e1masszal. A csomag tartalma: \u00edj, \u00f6vhurokkal ell\u00e1tott kos\u00e1r, 2 ny\u00edlvessz\u0151, karv\u00e9d\u0151, ujjhurok, pap\u00edr c\u00e9lt\u00e1bla.<\/p>","protected":false},"featured_media":10164,"template":"","meta":{"_gspb_post_css":""},"product_brand":[],"product_cat":[1973,1850,2087,1824],"product_tag":[],"class_list":{"0":"post-14711","1":"product","2":"type-product","3":"status-publish","4":"has-post-thumbnail","6":"product_cat-luky","7":"product_cat-mechanicke-zbrane","8":"product_cat-reflexne-luky","9":"product_cat-zbrane-18-d","11":"first","12":"instock","13":"taxable","14":"shipping-taxable","15":"purchasable","16":"product-type-simple"},"ct_brands":[],"_links":{"self":[{"href":"https:\/\/zbranebudai.sk\/hu\/wp-json\/wp\/v2\/product\/14711","targetHints":{"allow":["GET"]}}],"collection":[{"href":"https:\/\/zbranebudai.sk\/hu\/wp-json\/wp\/v2\/product"}],"about":[{"href":"https:\/\/zbranebudai.sk\/hu\/wp-json\/wp\/v2\/types\/product"}],"wp:featuredmedia":[{"embeddable":true,"href":"https:\/\/zbranebudai.sk\/hu\/wp-json\/wp\/v2\/media\/10164"}],"wp:attachment":[{"href":"https:\/\/zbranebudai.sk\/hu\/wp-json\/wp\/v2\/media?parent=14711"}],"wp:term":[{"taxonomy":"product_brand","embeddable":true,"href":"https:\/\/zbranebudai.sk\/hu\/wp-json\/wp\/v2\/product_brand?post=14711"},{"taxonomy":"product_cat","embeddable":true,"href":"https:\/\/zbranebudai.sk\/hu\/wp-json\/wp\/v2\/product_cat?post=14711"},{"taxonomy":"product_tag","embeddable":true,"href":"https:\/\/zbranebudai.sk\/hu\/wp-json\/wp\/v2\/product_tag?post=14711"}],"curies":[{"name":"wp","href":"https:\/\/api.w.org\/{rel}","templated":true}]}}