{"id":14710,"date":"2025-02-17T17:57:35","date_gmt":"2025-02-17T15:57:35","guid":{"rendered":"https:\/\/zbranebudai.sk\/product\/luk-nxg-rb-youth-first-shot-set-2-10-lb\/"},"modified":"2026-04-30T08:52:16","modified_gmt":"2026-04-30T06:52:16","slug":"luk-nxg-rb-ifjusagi-elso-loves-keszlet-2-10-lb","status":"publish","type":"product","link":"https:\/\/zbranebudai.sk\/hu\/product\/luk-nxg-rb-youth-first-shot-set-2-10-lb\/","title":{"rendered":"\u00cdj NXG RB Ifj\u00fas\u00e1gi els\u0151 l\u00f6v\u00e9s k\u00e9szlet 2 (10 lb)"},"content":{"rendered":"<p>PARAM\u00c9TEREK:<\/p>\n<p>Fesz\u00fclts\u00e9g: 10 font<br \/>\nHossza 102 cm<br \/>\nAnyag: \u00fcvegsz\u00e1las<br \/>\nAj\u00e1nlott ny\u00edlhossz: 26-28\u2033<br \/>\nS\u00faly: 550 g<\/p>","protected":false},"excerpt":{"rendered":"<p>Az NXG RB Youth First Shot Set 2 egy alap \u00edj gyerekeknek. A sz\u00e9tszerel\u00e9snek k\u00f6sz\u00f6nhet\u0151en k\u00f6nnyen sz\u00e1ll\u00edthat\u00f3. Univerz\u00e1lisan form\u00e1zott foganty\u00fa bal- \u00e9s jobbkezes felhaszn\u00e1l\u00f3k sz\u00e1m\u00e1ra, integr\u00e1lt ny\u00edlt\u00e1masszal. A csomag tartalma: \u00edj, sz\u00e1ll\u00edt\u00f3tart\u00e1ly v\u00e1llp\u00e1nttal, 2 ny\u00edlvessz\u0151 tapad\u00f3koronggal, karv\u00e9d\u0151, pap\u00edr c\u00e9lt\u00e1bla.<\/p>","protected":false},"featured_media":10162,"template":"","meta":{"_gspb_post_css":""},"product_brand":[],"product_cat":[1973,1850,2087,1824],"product_tag":[],"class_list":{"0":"post-14710","1":"product","2":"type-product","3":"status-publish","4":"has-post-thumbnail","6":"product_cat-luky","7":"product_cat-mechanicke-zbrane","8":"product_cat-reflexne-luky","9":"product_cat-zbrane-18-d","11":"first","12":"instock","13":"taxable","14":"shipping-taxable","15":"purchasable","16":"product-type-simple"},"ct_brands":[],"_links":{"self":[{"href":"https:\/\/zbranebudai.sk\/hu\/wp-json\/wp\/v2\/product\/14710","targetHints":{"allow":["GET"]}}],"collection":[{"href":"https:\/\/zbranebudai.sk\/hu\/wp-json\/wp\/v2\/product"}],"about":[{"href":"https:\/\/zbranebudai.sk\/hu\/wp-json\/wp\/v2\/types\/product"}],"wp:featuredmedia":[{"embeddable":true,"href":"https:\/\/zbranebudai.sk\/hu\/wp-json\/wp\/v2\/media\/10162"}],"wp:attachment":[{"href":"https:\/\/zbranebudai.sk\/hu\/wp-json\/wp\/v2\/media?parent=14710"}],"wp:term":[{"taxonomy":"product_brand","embeddable":true,"href":"https:\/\/zbranebudai.sk\/hu\/wp-json\/wp\/v2\/product_brand?post=14710"},{"taxonomy":"product_cat","embeddable":true,"href":"https:\/\/zbranebudai.sk\/hu\/wp-json\/wp\/v2\/product_cat?post=14710"},{"taxonomy":"product_tag","embeddable":true,"href":"https:\/\/zbranebudai.sk\/hu\/wp-json\/wp\/v2\/product_tag?post=14710"}],"curies":[{"name":"wp","href":"https:\/\/api.w.org\/{rel}","templated":true}]}}