{"id":14708,"date":"2025-02-17T17:57:35","date_gmt":"2025-02-17T15:57:35","guid":{"rendered":"https:\/\/zbranebudai.sk\/product\/luk-nxg-cb-youth-cadet-4-15-lb\/"},"modified":"2026-02-07T17:44:48","modified_gmt":"2026-02-07T15:44:48","slug":"ij-nxg-cb-ifjusagi-kadett-4-15-font","status":"publish","type":"product","link":"https:\/\/zbranebudai.sk\/hu\/product\/luk-nxg-cb-youth-cadet-4-15-lb\/","title":{"rendered":"\u00cdj NXG CB Ifj\u00fas\u00e1gi Cadet 4 (15 font)"},"content":{"rendered":"<p>PARAM\u00c9TEREK:<\/p>\n<p>Fesz\u00fclts\u00e9g: 15 font<br \/>\nHossza 85 cm<br \/>\nAnyag: \u00fcvegsz\u00e1las<br \/>\nAj\u00e1nlott ny\u00edlhossz: 26-28\u2033<br \/>\nS\u00faly: 485 g<\/p>","protected":false},"excerpt":{"rendered":"<p>Az NXG CB Youth Cadet 4 egy alap \u00edj a fiatal rajong\u00f3k sz\u00e1m\u00e1ra. Alkalmas els\u0151 csig\u00e1s \u00edjnak, k\u00f6zepes szint\u0171 15 font von\u00f3er\u0151vel. Univerz\u00e1lisan form\u00e1zott markolat bal- \u00e9s jobbkezes l\u00f6v\u0151k sz\u00e1m\u00e1ra, er\u0151s polimerb\u0151l k\u00e9sz\u00fclt, cs\u00fasz\u00e1smentes gum\u00edrozott fel\u00fclettel, integr\u00e1lt ny\u00edlt\u00e1masszal. C\u00e9lkereszt r\u00f6gz\u00edt\u00e9se.<\/p>","protected":false},"featured_media":10158,"template":"","meta":{"_gspb_post_css":""},"product_brand":[],"product_cat":[2088,1973,1850,1824],"product_tag":[],"class_list":{"0":"post-14708","1":"product","2":"type-product","3":"status-publish","4":"has-post-thumbnail","6":"product_cat-kladkove-luky","7":"product_cat-luky","8":"product_cat-mechanicke-zbrane","9":"product_cat-zbrane-18-d","11":"first","12":"outofstock","13":"taxable","14":"shipping-taxable","15":"purchasable","16":"product-type-simple"},"ct_brands":[],"_links":{"self":[{"href":"https:\/\/zbranebudai.sk\/hu\/wp-json\/wp\/v2\/product\/14708","targetHints":{"allow":["GET"]}}],"collection":[{"href":"https:\/\/zbranebudai.sk\/hu\/wp-json\/wp\/v2\/product"}],"about":[{"href":"https:\/\/zbranebudai.sk\/hu\/wp-json\/wp\/v2\/types\/product"}],"wp:featuredmedia":[{"embeddable":true,"href":"https:\/\/zbranebudai.sk\/hu\/wp-json\/wp\/v2\/media\/10158"}],"wp:attachment":[{"href":"https:\/\/zbranebudai.sk\/hu\/wp-json\/wp\/v2\/media?parent=14708"}],"wp:term":[{"taxonomy":"product_brand","embeddable":true,"href":"https:\/\/zbranebudai.sk\/hu\/wp-json\/wp\/v2\/product_brand?post=14708"},{"taxonomy":"product_cat","embeddable":true,"href":"https:\/\/zbranebudai.sk\/hu\/wp-json\/wp\/v2\/product_cat?post=14708"},{"taxonomy":"product_tag","embeddable":true,"href":"https:\/\/zbranebudai.sk\/hu\/wp-json\/wp\/v2\/product_tag?post=14708"}],"curies":[{"name":"wp","href":"https:\/\/api.w.org\/{rel}","templated":true}]}}