{"id":14706,"date":"2025-02-17T17:57:35","date_gmt":"2025-02-17T15:57:35","guid":{"rendered":"https:\/\/zbranebudai.sk\/product\/luk-nxg-rb-youth-cadet-2-15-lb\/"},"modified":"2026-04-01T23:27:06","modified_gmt":"2026-04-01T21:27:06","slug":"ij-nxg-rb-ifjusagi-kadet-2-15-font","status":"publish","type":"product","link":"https:\/\/zbranebudai.sk\/hu\/product\/luk-nxg-rb-youth-cadet-2-15-lb\/","title":{"rendered":"\u00cdj NXG RB Youth Cadet 2 (15 font)"},"content":{"rendered":"<p>PARAM\u00c9TEREK:<\/p>\n<p>Fesz\u00fclts\u00e9g: 15 font<br \/>\nHossza 110 cm<br \/>\nAnyag: \u00fcvegsz\u00e1las<br \/>\nAj\u00e1nlott ny\u00edlhossz: 26-28\u2033<br \/>\nS\u00faly: 445 g<\/p>","protected":false},"excerpt":{"rendered":"<p>Az NXG RB Youth Cadet 2 Reflex \u00edj a bel\u00e9p\u0151 szint\u0171 \u00edj a fiatal rajong\u00f3k sz\u00e1m\u00e1ra. A Youth Cadet sorozat m\u00e1sodik modellje k\u00f6zepes h\u00faz\u00e1si energi\u00e1val (15 font). Univerz\u00e1lisan form\u00e1zott markolat bal- \u00e9s jobbkezes l\u00f6v\u0151k sz\u00e1m\u00e1ra, er\u0151s polimerb\u0151l k\u00e9sz\u00fclt, cs\u00fasz\u00e1smentes gum\u00edrozott fel\u00fclettel, integr\u00e1lt ny\u00edlt\u00e1masszal. K\u00f6nny\u0171 sz\u00e1ll\u00edt\u00e1s a sz\u00e9tszerel\u00e9snek k\u00f6sz\u00f6nhet\u0151en.<\/p>","protected":false},"featured_media":10154,"template":"","meta":{"_gspb_post_css":""},"product_brand":[],"product_cat":[1973,1850,2087,1824],"product_tag":[],"class_list":{"0":"post-14706","1":"product","2":"type-product","3":"status-publish","4":"has-post-thumbnail","6":"product_cat-luky","7":"product_cat-mechanicke-zbrane","8":"product_cat-reflexne-luky","9":"product_cat-zbrane-18-d","11":"first","12":"instock","13":"taxable","14":"shipping-taxable","15":"purchasable","16":"product-type-simple"},"ct_brands":[],"_links":{"self":[{"href":"https:\/\/zbranebudai.sk\/hu\/wp-json\/wp\/v2\/product\/14706","targetHints":{"allow":["GET"]}}],"collection":[{"href":"https:\/\/zbranebudai.sk\/hu\/wp-json\/wp\/v2\/product"}],"about":[{"href":"https:\/\/zbranebudai.sk\/hu\/wp-json\/wp\/v2\/types\/product"}],"wp:featuredmedia":[{"embeddable":true,"href":"https:\/\/zbranebudai.sk\/hu\/wp-json\/wp\/v2\/media\/10154"}],"wp:attachment":[{"href":"https:\/\/zbranebudai.sk\/hu\/wp-json\/wp\/v2\/media?parent=14706"}],"wp:term":[{"taxonomy":"product_brand","embeddable":true,"href":"https:\/\/zbranebudai.sk\/hu\/wp-json\/wp\/v2\/product_brand?post=14706"},{"taxonomy":"product_cat","embeddable":true,"href":"https:\/\/zbranebudai.sk\/hu\/wp-json\/wp\/v2\/product_cat?post=14706"},{"taxonomy":"product_tag","embeddable":true,"href":"https:\/\/zbranebudai.sk\/hu\/wp-json\/wp\/v2\/product_tag?post=14706"}],"curies":[{"name":"wp","href":"https:\/\/api.w.org\/{rel}","templated":true}]}}