{"id":14705,"date":"2025-02-17T17:57:35","date_gmt":"2025-02-17T15:57:35","guid":{"rendered":"https:\/\/zbranebudai.sk\/product\/luk-nxg-rb-youth-cadet-1-10-15-lb\/"},"modified":"2026-04-09T02:04:55","modified_gmt":"2026-04-09T00:04:55","slug":"luk-nxg-rb-ifjusagi-kadett-1-10-15-lb","status":"publish","type":"product","link":"https:\/\/zbranebudai.sk\/hu\/product\/luk-nxg-rb-youth-cadet-1-10-15-lb\/","title":{"rendered":"\u00cdj NXG RB Youth Cadet 1 (10-15 font)"},"content":{"rendered":"<p>PARAM\u00c9TEREK:<\/p>\n<p>Fesz\u00fclts\u00e9g: 10-15 font<br \/>\nHossza 128 cm<br \/>\nAnyag: \u00fcvegsz\u00e1las<br \/>\nAj\u00e1nlott ny\u00edlhossz: 26-30\u2033<br \/>\nS\u00faly: 460 g<\/p>","protected":false},"excerpt":{"rendered":"<p>Az NXG RB Youth Cadet 1 Reflex \u00edj a bel\u00e9p\u0151 szint\u0171 \u00edj a fiatal rajong\u00f3k sz\u00e1m\u00e1ra. A Youth Cadet sorozat els\u0151 modellje a legalacsonyabb h\u00farer\u0151ss\u00e9ggel (10-15 font). Univerz\u00e1lisan form\u00e1zott markolat bal- \u00e9s jobbkezes l\u00f6v\u0151k sz\u00e1m\u00e1ra, er\u0151s ABS-b\u0151l k\u00e9sz\u00fclt, integr\u00e1lt ny\u00edlt\u00e1masszal. K\u00f6nnyen sz\u00e1ll\u00edthat\u00f3 a sz\u00e9tszerel\u00e9snek k\u00f6sz\u00f6nhet\u0151en.<\/p>","protected":false},"featured_media":10152,"template":"","meta":{"_gspb_post_css":""},"product_brand":[],"product_cat":[1973,1850,2087,1824],"product_tag":[],"class_list":{"0":"post-14705","1":"product","2":"type-product","3":"status-publish","4":"has-post-thumbnail","6":"product_cat-luky","7":"product_cat-mechanicke-zbrane","8":"product_cat-reflexne-luky","9":"product_cat-zbrane-18-d","11":"first","12":"instock","13":"taxable","14":"shipping-taxable","15":"purchasable","16":"product-type-simple"},"ct_brands":[],"_links":{"self":[{"href":"https:\/\/zbranebudai.sk\/hu\/wp-json\/wp\/v2\/product\/14705","targetHints":{"allow":["GET"]}}],"collection":[{"href":"https:\/\/zbranebudai.sk\/hu\/wp-json\/wp\/v2\/product"}],"about":[{"href":"https:\/\/zbranebudai.sk\/hu\/wp-json\/wp\/v2\/types\/product"}],"wp:featuredmedia":[{"embeddable":true,"href":"https:\/\/zbranebudai.sk\/hu\/wp-json\/wp\/v2\/media\/10152"}],"wp:attachment":[{"href":"https:\/\/zbranebudai.sk\/hu\/wp-json\/wp\/v2\/media?parent=14705"}],"wp:term":[{"taxonomy":"product_brand","embeddable":true,"href":"https:\/\/zbranebudai.sk\/hu\/wp-json\/wp\/v2\/product_brand?post=14705"},{"taxonomy":"product_cat","embeddable":true,"href":"https:\/\/zbranebudai.sk\/hu\/wp-json\/wp\/v2\/product_cat?post=14705"},{"taxonomy":"product_tag","embeddable":true,"href":"https:\/\/zbranebudai.sk\/hu\/wp-json\/wp\/v2\/product_tag?post=14705"}],"curies":[{"name":"wp","href":"https:\/\/api.w.org\/{rel}","templated":true}]}}