{"id":14704,"date":"2025-02-17T17:57:34","date_gmt":"2025-02-17T15:57:34","guid":{"rendered":"https:\/\/zbranebudai.sk\/product\/luk-nxg-rb-youth-aim-30-40-lb\/"},"modified":"2025-07-12T16:40:33","modified_gmt":"2025-07-12T14:40:33","slug":"luk-nxg-rb-ifjusagi-cel-30-40-lb","status":"publish","type":"product","link":"https:\/\/zbranebudai.sk\/hu\/product\/luk-nxg-rb-youth-aim-30-40-lb\/","title":{"rendered":"\u00cdj NXG RB Youth Aim (30-40 lb)"},"content":{"rendered":"<p>PARAM\u00c9TEREK:<\/p>\n<p>Holtteher: 30-40 font<br \/>\nHossza 136 cm<br \/>\nAnyag: \u00dcvegsz\u00e1las<br \/>\nAj\u00e1nlott ny\u00edlhossz: 28-30\u2033<br \/>\nS\u00faly: 885 g<\/p>","protected":false},"excerpt":{"rendered":"<p>Az NXG RB Youth Aim Reflex \u00edj egy ifj\u00fas\u00e1gi \u00edj\u00e1sz \u00edj a pontos \u00e9s er\u0151teljes \u00edj\u00e1szathoz, 30-40 font h\u00faz\u00f3er\u0151vel. A fegyverek tart\u00f3s \u00fcvegsz\u00e1lb\u00f3l k\u00e9sz\u00fcltek. T\u00f6m\u00f6r ny\u00e9l cs\u00fasz\u00e1smentes gum\u00edrozott fel\u00fclettel \u00e9s ny\u00edltart\u00f3val, jobbkezes \u00edj\u00e1szok sz\u00e1m\u00e1ra kialak\u00edtva. Mikrosz\u00e1las c\u00e9lz\u00f3k\u00e9sz\u00fcl\u00e9k. K\u00f6nny\u0171 sz\u00e1ll\u00edt\u00e1s a sz\u00e9tszerel\u00e9snek k\u00f6sz\u00f6nhet\u0151en.<\/p>","protected":false},"featured_media":10150,"template":"","meta":{"_gspb_post_css":""},"product_brand":[],"product_cat":[1973,1850,2087,1824],"product_tag":[],"class_list":{"0":"post-14704","1":"product","2":"type-product","3":"status-publish","4":"has-post-thumbnail","6":"product_cat-luky","7":"product_cat-mechanicke-zbrane","8":"product_cat-reflexne-luky","9":"product_cat-zbrane-18-d","11":"first","12":"instock","13":"taxable","14":"shipping-taxable","15":"purchasable","16":"product-type-simple"},"ct_brands":[],"_links":{"self":[{"href":"https:\/\/zbranebudai.sk\/hu\/wp-json\/wp\/v2\/product\/14704","targetHints":{"allow":["GET"]}}],"collection":[{"href":"https:\/\/zbranebudai.sk\/hu\/wp-json\/wp\/v2\/product"}],"about":[{"href":"https:\/\/zbranebudai.sk\/hu\/wp-json\/wp\/v2\/types\/product"}],"wp:featuredmedia":[{"embeddable":true,"href":"https:\/\/zbranebudai.sk\/hu\/wp-json\/wp\/v2\/media\/10150"}],"wp:attachment":[{"href":"https:\/\/zbranebudai.sk\/hu\/wp-json\/wp\/v2\/media?parent=14704"}],"wp:term":[{"taxonomy":"product_brand","embeddable":true,"href":"https:\/\/zbranebudai.sk\/hu\/wp-json\/wp\/v2\/product_brand?post=14704"},{"taxonomy":"product_cat","embeddable":true,"href":"https:\/\/zbranebudai.sk\/hu\/wp-json\/wp\/v2\/product_cat?post=14704"},{"taxonomy":"product_tag","embeddable":true,"href":"https:\/\/zbranebudai.sk\/hu\/wp-json\/wp\/v2\/product_tag?post=14704"}],"curies":[{"name":"wp","href":"https:\/\/api.w.org\/{rel}","templated":true}]}}