{"id":14703,"date":"2025-02-17T17:57:34","date_gmt":"2025-02-17T15:57:34","guid":{"rendered":"https:\/\/zbranebudai.sk\/product\/luk-nxg-rb-takedown-wood-20-40-lb\/"},"modified":"2025-07-12T16:40:33","modified_gmt":"2025-07-12T14:40:33","slug":"ij-nxg-rb-takedown-fa-20-40-lb","status":"publish","type":"product","link":"https:\/\/zbranebudai.sk\/hu\/product\/luk-nxg-rb-takedown-wood-20-40-lb\/","title":{"rendered":"\u00cdj NXG RB Takedown Wood (20-40 lb)"},"content":{"rendered":"<p>PARAM\u00c9TEREK:<\/p>\n<p>Fesz\u00fclts\u00e9g: 20-40 font<br \/>\nHossza 166 cm<br \/>\nAnyag: \u00fcvegsz\u00e1llal lamin\u00e1lt fa<br \/>\nAj\u00e1nlott ny\u00edlhossz: 28-30\u2033<br \/>\nS\u00faly: 1,14 kg<\/p>","protected":false},"excerpt":{"rendered":"<p>Az NXG RB Takedown Wood Reflex \u00edj egy klasszikus \u00edj\u00e1sz \u00edj 20-40 font h\u00faz\u00f3er\u0151vel. A karok \u00fcvegsz\u00e1llal lamin\u00e1lt juharf\u00e1b\u00f3l k\u00e9sz\u00fcltek. Ergonomikus k\u0151risfa ny\u00e9l, amely jobbkezes haszn\u00e1latra van kialak\u00edtva. R\u00e1form\u00e1zott ny\u00edlvessz\u0151tart\u00f3. K\u00f6nny\u0171 sz\u00e1ll\u00edt\u00e1s a szersz\u00e1mmentes sz\u00e9tszerel\u00e9snek k\u00f6sz\u00f6nhet\u0151en.<\/p>","protected":false},"featured_media":10148,"template":"","meta":{"_gspb_post_css":""},"product_brand":[],"product_cat":[1973,1850,2087,1824],"product_tag":[],"class_list":{"0":"post-14703","1":"product","2":"type-product","3":"status-publish","4":"has-post-thumbnail","6":"product_cat-luky","7":"product_cat-mechanicke-zbrane","8":"product_cat-reflexne-luky","9":"product_cat-zbrane-18-d","11":"first","12":"outofstock","13":"taxable","14":"shipping-taxable","15":"purchasable","16":"product-type-simple"},"ct_brands":[],"_links":{"self":[{"href":"https:\/\/zbranebudai.sk\/hu\/wp-json\/wp\/v2\/product\/14703","targetHints":{"allow":["GET"]}}],"collection":[{"href":"https:\/\/zbranebudai.sk\/hu\/wp-json\/wp\/v2\/product"}],"about":[{"href":"https:\/\/zbranebudai.sk\/hu\/wp-json\/wp\/v2\/types\/product"}],"wp:featuredmedia":[{"embeddable":true,"href":"https:\/\/zbranebudai.sk\/hu\/wp-json\/wp\/v2\/media\/10148"}],"wp:attachment":[{"href":"https:\/\/zbranebudai.sk\/hu\/wp-json\/wp\/v2\/media?parent=14703"}],"wp:term":[{"taxonomy":"product_brand","embeddable":true,"href":"https:\/\/zbranebudai.sk\/hu\/wp-json\/wp\/v2\/product_brand?post=14703"},{"taxonomy":"product_cat","embeddable":true,"href":"https:\/\/zbranebudai.sk\/hu\/wp-json\/wp\/v2\/product_cat?post=14703"},{"taxonomy":"product_tag","embeddable":true,"href":"https:\/\/zbranebudai.sk\/hu\/wp-json\/wp\/v2\/product_tag?post=14703"}],"curies":[{"name":"wp","href":"https:\/\/api.w.org\/{rel}","templated":true}]}}