{"id":14681,"date":"2025-02-17T17:57:32","date_gmt":"2025-02-17T15:57:32","guid":{"rendered":"https:\/\/zbranebudai.sk\/product\/tikka-t3x-superlite-lh-kal-65-creedmoor-ns-fl-ss-3rd-24-3in-mt15x1\/"},"modified":"2026-04-23T08:40:16","modified_gmt":"2026-04-23T06:40:16","slug":"tikka-t3x-superlite-lh-kal-65-creedmoor-ns-fl-fl-ss-3-24-3in-mt15x1","status":"publish","type":"product","link":"https:\/\/zbranebudai.sk\/hu\/product\/tikka-t3x-superlite-lh-kal-65-creedmoor-ns-fl-ss-3rd-24-3in-mt15x1\/","title":{"rendered":"Tikka T3x Superlite LH, cal. 6.5 Creedmoor (NS FL SS 3rd 24.3in MT15x1)"},"content":{"rendered":"<p>PARAM\u00c9TEREK:<\/p>\n<p>Cs\u0151hossz: 620 mm (24.3 in)<br \/>\nTeljes hossz: 1131 mm<br \/>\nT\u00e1lcakapacit\u00e1s: 3<br \/>\nCs\u0151oszt\u00e1s: 1:8\u2033<br \/>\nPicatinny s\u00edn: Nem<br \/>\nA hord\u00f3: Rozsdamentes ac\u00e9l<br \/>\n\u00cdg\u00e9ret: Szintetikus<br \/>\nS\u00faly: 3,0 kg<\/p>","protected":false},"excerpt":{"rendered":"<p>A n\u00e9pszer\u0171 Tikka T3x Lite modell rozsdamentes ac\u00e9lcs\u0151vel \"Stainless\". A pr\u00e9mium min\u0151s\u00e9g\u0171 rozsdamentes ac\u00e9lb\u00f3l k\u00e9sz\u00fclt f\u00e9m alkatr\u00e9szekkel ez a robusztus \u00e9s tart\u00f3s puska ide\u00e1lis v\u00e1laszt\u00e1s minden id\u0151j\u00e1r\u00e1si k\u00f6r\u00fclm\u00e9nyhez.<\/p>","protected":false},"featured_media":10074,"template":"","meta":{"_gspb_post_css":""},"product_brand":[],"product_cat":[1821,1955,1980,1854,1861,1820],"product_tag":[],"class_list":{"0":"post-14681","1":"product","2":"type-product","3":"status-publish","4":"has-post-thumbnail","6":"product_cat-gulovnice-zbrane-b-c","7":"product_cat-t3x-lite-series","8":"product_cat-t3x-lite-stainless","9":"product_cat-tikka","10":"product_cat-tikka-t3x","11":"product_cat-zbrane-b-c","13":"first","14":"outofstock","15":"taxable","16":"shipping-taxable","17":"purchasable","18":"product-type-simple"},"ct_brands":[],"_links":{"self":[{"href":"https:\/\/zbranebudai.sk\/hu\/wp-json\/wp\/v2\/product\/14681","targetHints":{"allow":["GET"]}}],"collection":[{"href":"https:\/\/zbranebudai.sk\/hu\/wp-json\/wp\/v2\/product"}],"about":[{"href":"https:\/\/zbranebudai.sk\/hu\/wp-json\/wp\/v2\/types\/product"}],"wp:featuredmedia":[{"embeddable":true,"href":"https:\/\/zbranebudai.sk\/hu\/wp-json\/wp\/v2\/media\/10074"}],"wp:attachment":[{"href":"https:\/\/zbranebudai.sk\/hu\/wp-json\/wp\/v2\/media?parent=14681"}],"wp:term":[{"taxonomy":"product_brand","embeddable":true,"href":"https:\/\/zbranebudai.sk\/hu\/wp-json\/wp\/v2\/product_brand?post=14681"},{"taxonomy":"product_cat","embeddable":true,"href":"https:\/\/zbranebudai.sk\/hu\/wp-json\/wp\/v2\/product_cat?post=14681"},{"taxonomy":"product_tag","embeddable":true,"href":"https:\/\/zbranebudai.sk\/hu\/wp-json\/wp\/v2\/product_tag?post=14681"}],"curies":[{"name":"wp","href":"https:\/\/api.w.org\/{rel}","templated":true}]}}