{"id":14678,"date":"2025-02-17T17:57:31","date_gmt":"2025-02-17T15:57:31","guid":{"rendered":"https:\/\/zbranebudai.sk\/product\/picatinny-lista-dlha-g36\/"},"modified":"2026-04-16T04:31:55","modified_gmt":"2026-04-16T02:31:55","slug":"picatinny-lista-hosszu-g36","status":"publish","type":"product","link":"https:\/\/zbranebudai.sk\/hu\/product\/picatinny-lista-dlha-g36\/","title":{"rendered":"Picatinny s\u00edn hossz\u00fa G36"},"content":{"rendered":"","protected":false},"excerpt":{"rendered":"<p>Alkalmas a HK G36 \/ G36K \/ G36C pisztolyokhoz. A pikatinny s\u00ednhez csavarok (3db) 207764 sz\u00fcks\u00e9gesek.<\/p>","protected":false},"featured_media":10068,"template":"","meta":{"_gspb_post_css":""},"product_brand":[],"product_cat":[1821,1867,1932,1820],"product_tag":[],"class_list":{"0":"post-14678","1":"product","2":"type-product","3":"status-publish","4":"has-post-thumbnail","6":"product_cat-gulovnice-zbrane-b-c","7":"product_cat-heckler-koch-gulovnice-zbrane-b-c","8":"product_cat-prislusenstvo-hk","9":"product_cat-zbrane-b-c","11":"first","12":"instock","13":"taxable","14":"shipping-taxable","15":"purchasable","16":"product-type-simple"},"ct_brands":[],"_links":{"self":[{"href":"https:\/\/zbranebudai.sk\/hu\/wp-json\/wp\/v2\/product\/14678","targetHints":{"allow":["GET"]}}],"collection":[{"href":"https:\/\/zbranebudai.sk\/hu\/wp-json\/wp\/v2\/product"}],"about":[{"href":"https:\/\/zbranebudai.sk\/hu\/wp-json\/wp\/v2\/types\/product"}],"wp:featuredmedia":[{"embeddable":true,"href":"https:\/\/zbranebudai.sk\/hu\/wp-json\/wp\/v2\/media\/10068"}],"wp:attachment":[{"href":"https:\/\/zbranebudai.sk\/hu\/wp-json\/wp\/v2\/media?parent=14678"}],"wp:term":[{"taxonomy":"product_brand","embeddable":true,"href":"https:\/\/zbranebudai.sk\/hu\/wp-json\/wp\/v2\/product_brand?post=14678"},{"taxonomy":"product_cat","embeddable":true,"href":"https:\/\/zbranebudai.sk\/hu\/wp-json\/wp\/v2\/product_cat?post=14678"},{"taxonomy":"product_tag","embeddable":true,"href":"https:\/\/zbranebudai.sk\/hu\/wp-json\/wp\/v2\/product_tag?post=14678"}],"curies":[{"name":"wp","href":"https:\/\/api.w.org\/{rel}","templated":true}]}}