{"id":14674,"date":"2025-02-17T17:57:31","date_gmt":"2025-02-17T15:57:31","guid":{"rendered":"https:\/\/zbranebudai.sk\/product\/pruzina-zdvihu-cielnika-mr05906\/"},"modified":"2026-04-16T04:39:54","modified_gmt":"2026-04-16T02:39:54","slug":"olajtomites-mr05906","status":"publish","type":"product","link":"https:\/\/zbranebudai.sk\/hu\/product\/pruzina-zdvihu-cielnika-mr05906\/","title":{"rendered":"C\u00e9l\u00fctem\u0171 rug\u00f3 MR05906"},"content":{"rendered":"","protected":false},"excerpt":{"rendered":"<p>Rug\u00f3, h\u00e1ts\u00f3 ir\u00e1nyz\u00e9k emel\u00e9s MR05906<\/p>","protected":false},"featured_media":10050,"template":"","meta":{"_gspb_post_css":""},"product_brand":[],"product_cat":[1917,1858,1859,1820],"product_tag":[],"class_list":{"0":"post-14674","1":"product","2":"type-product","3":"status-publish","4":"has-post-thumbnail","6":"product_cat-prislusenstvo-ruger-ruger-revolvery-zbrane-b-c","7":"product_cat-revolvery-zbrane-b-c","8":"product_cat-ruger-revolvery-zbrane-b-c","9":"product_cat-zbrane-b-c","11":"first","12":"instock","13":"taxable","14":"shipping-taxable","15":"purchasable","16":"product-type-simple"},"ct_brands":[],"_links":{"self":[{"href":"https:\/\/zbranebudai.sk\/hu\/wp-json\/wp\/v2\/product\/14674","targetHints":{"allow":["GET"]}}],"collection":[{"href":"https:\/\/zbranebudai.sk\/hu\/wp-json\/wp\/v2\/product"}],"about":[{"href":"https:\/\/zbranebudai.sk\/hu\/wp-json\/wp\/v2\/types\/product"}],"wp:featuredmedia":[{"embeddable":true,"href":"https:\/\/zbranebudai.sk\/hu\/wp-json\/wp\/v2\/media\/10050"}],"wp:attachment":[{"href":"https:\/\/zbranebudai.sk\/hu\/wp-json\/wp\/v2\/media?parent=14674"}],"wp:term":[{"taxonomy":"product_brand","embeddable":true,"href":"https:\/\/zbranebudai.sk\/hu\/wp-json\/wp\/v2\/product_brand?post=14674"},{"taxonomy":"product_cat","embeddable":true,"href":"https:\/\/zbranebudai.sk\/hu\/wp-json\/wp\/v2\/product_cat?post=14674"},{"taxonomy":"product_tag","embeddable":true,"href":"https:\/\/zbranebudai.sk\/hu\/wp-json\/wp\/v2\/product_tag?post=14674"}],"curies":[{"name":"wp","href":"https:\/\/api.w.org\/{rel}","templated":true}]}}