{"id":14672,"date":"2025-02-17T17:57:31","date_gmt":"2025-02-17T15:57:31","guid":{"rendered":"https:\/\/zbranebudai.sk\/product\/zasobnik-mag-30-18061-pre-ruger-ar-556-kal-556-nato-223rem\/"},"modified":"2026-05-07T12:42:25","modified_gmt":"2026-05-07T10:42:25","slug":"mag-30-henger-18061-a-ruger-ar-556-kal-556-nato-223remhez","status":"publish","type":"product","link":"https:\/\/zbranebudai.sk\/hu\/product\/zasobnik-mag-30-18061-pre-ruger-ar-556-kal-556-nato-223rem\/","title":{"rendered":"MAG\/30 (18061) t\u00e1r Ruger AR-556 cal. 5,56 NATO\/.223Rem."},"content":{"rendered":"","protected":false},"excerpt":{"rendered":"<p>Polimer t\u00e1r, kapacit\u00e1s 30 t\u00f6lt\u00e9ny. Ruger AR-556, cal. 5,56 NATO\/.223 Rem.<\/p>","protected":false},"featured_media":10046,"template":"","meta":{"_gspb_post_css":""},"product_brand":[],"product_cat":[1821,1838,1837,1820],"product_tag":[],"class_list":{"0":"post-14672","1":"product","2":"type-product","3":"status-publish","4":"has-post-thumbnail","6":"product_cat-gulovnice-zbrane-b-c","7":"product_cat-prislusenstvo-ruger","8":"product_cat-ruger","9":"product_cat-zbrane-b-c","11":"first","12":"outofstock","13":"taxable","14":"shipping-taxable","15":"purchasable","16":"product-type-simple"},"ct_brands":[],"_links":{"self":[{"href":"https:\/\/zbranebudai.sk\/hu\/wp-json\/wp\/v2\/product\/14672","targetHints":{"allow":["GET"]}}],"collection":[{"href":"https:\/\/zbranebudai.sk\/hu\/wp-json\/wp\/v2\/product"}],"about":[{"href":"https:\/\/zbranebudai.sk\/hu\/wp-json\/wp\/v2\/types\/product"}],"wp:featuredmedia":[{"embeddable":true,"href":"https:\/\/zbranebudai.sk\/hu\/wp-json\/wp\/v2\/media\/10046"}],"wp:attachment":[{"href":"https:\/\/zbranebudai.sk\/hu\/wp-json\/wp\/v2\/media?parent=14672"}],"wp:term":[{"taxonomy":"product_brand","embeddable":true,"href":"https:\/\/zbranebudai.sk\/hu\/wp-json\/wp\/v2\/product_brand?post=14672"},{"taxonomy":"product_cat","embeddable":true,"href":"https:\/\/zbranebudai.sk\/hu\/wp-json\/wp\/v2\/product_cat?post=14672"},{"taxonomy":"product_tag","embeddable":true,"href":"https:\/\/zbranebudai.sk\/hu\/wp-json\/wp\/v2\/product_tag?post=14672"}],"curies":[{"name":"wp","href":"https:\/\/api.w.org\/{rel}","templated":true}]}}