{"id":14669,"date":"2025-02-17T17:57:30","date_gmt":"2025-02-17T15:57:30","guid":{"rendered":"https:\/\/zbranebudai.sk\/product\/pistol-tippmann-m4-22-elite-pistol-11-with-arm-brace-kal-22lr-a101068\/"},"modified":"2026-04-16T05:58:56","modified_gmt":"2026-04-16T03:58:56","slug":"pisztoly-tippmann-m4-22-elit-pisztoly-11-pisztoly-11-karfaval-kal-22lr-a101068","status":"publish","type":"product","link":"https:\/\/zbranebudai.sk\/hu\/product\/pistol-tippmann-m4-22-elite-pistol-11-with-arm-brace-kal-22lr-a101068\/","title":{"rendered":"Tippmann M4-22 ELITE PISTOL 11\u2033 karf\u00e1val, cal. .22LR (A101068)"},"content":{"rendered":"<p>Az M4-22 sorozatot k\u00f6nny\u0171 kezelhet\u0151s\u00e9g, min\u0151s\u00e9gi kivitelez\u00e9s \u00e9s teljesen alum\u00edniumb\u00f3l k\u00e9sz\u00fclt cs\u0151tart\u00f3 \u00e9s v\u00e1z jellemzi. A Mil-Spec szabv\u00e1ny biztos\u00edtja a kompatibilit\u00e1st az AR-15 platformokhoz kaphat\u00f3 legt\u00f6bb opcion\u00e1lis alkatr\u00e9sszel, c\u00e9lz\u00f3k\u00e9sz\u00fcl\u00e9kkel \u00e9s tartoz\u00e9kkal.\u00a0<\/p>\n<p>Megjegyz\u00e9s: mivel a cs\u0151 hossza nem haladja meg a 300 mm-t, ez egy r\u00f6vid fegyver.<\/p>\n<p>PARAM\u00c9TEREK:<\/p>\n<p>Cs\u0151hossz: 279 mm (11 in)<br \/>\nMenet a hord\u00f3 sz\u00e1j\u00e1n: 1\/2 x 28<br \/>\nTeljes hossz: 620 - 690 mm<br \/>\nA tart\u00e1ly kapacit\u00e1sa: 10\u00a0<br \/>\nHord\u00f3nagys\u00e1g: 1:16<br \/>\nPicatinny s\u00edn: igen<br \/>\nRakt\u00e1rk\u00e9szlet: polimer<br \/>\nCs\u0151: feket\u00e9re festett ac\u00e9l<br \/>\nS\u00faly: 2,1 kg<\/p>\n<p>CSOMAG TARTALMA:<\/p>\n<p>1x Tippmann M4-22 pisztoly<br \/>\n1x polimer t\u00e1r 10 t\u00f6lt\u00e9nyre porv\u00e9d\u0151vel<br \/>\n1x fegyverz\u00e1r<br \/>\n1x z\u00e1szl\u00f3 a kamar\u00e1hoz<\/p>","protected":false},"excerpt":{"rendered":"<p>Az M4-22 ELITE PISTOL egy k\u00f6nny\u0171, f\u00e9lautomata, kis kaliber\u0171 AR15 st\u00edlus\u00fa pisztoly az amerikai Tippmann Arms gy\u00e1rt\u00f3t\u00f3l. Az IPSC minigun versenyeken haszn\u00e1lj\u00e1k, de edz\u00e9sre \u00e9s szabadid\u0151s l\u00f6v\u00e9szetre is kiv\u00e1l\u00f3 eszk\u00f6z. Az ELITE PISTOL modell 11\u2033-es lebeg\u0151 cs\u0151vel, M-LOK r\u00f6gz\u00edt\u0151furatokkal ell\u00e1tott alum\u00ednium el\u0151r\u00e9sszel, T5 Arm Brace teleszk\u00f3pos sz\u00e1rral, valamint \u00f6sszecsukhat\u00f3 c\u00e9lz\u00f3k\u00e9sz\u00fcl\u00e9kkel \u00e9s h\u00e1ts\u00f3 ir\u00e1nyz\u00e9kkal rendelkezik.<\/p>","protected":false},"featured_media":10040,"template":"","meta":{"_gspb_post_css":""},"product_brand":[],"product_cat":[1864,2084,2083,1820],"product_tag":[],"class_list":{"0":"post-14669","1":"product","2":"type-product","3":"status-publish","4":"has-post-thumbnail","6":"product_cat-pistole-zbrane-b-c","7":"product_cat-pistole-tippmann","8":"product_cat-tippmann-arms-pistole-zbrane-b-c","9":"product_cat-zbrane-b-c","11":"first","12":"instock","13":"taxable","14":"shipping-taxable","15":"purchasable","16":"product-type-simple"},"ct_brands":[],"_links":{"self":[{"href":"https:\/\/zbranebudai.sk\/hu\/wp-json\/wp\/v2\/product\/14669","targetHints":{"allow":["GET"]}}],"collection":[{"href":"https:\/\/zbranebudai.sk\/hu\/wp-json\/wp\/v2\/product"}],"about":[{"href":"https:\/\/zbranebudai.sk\/hu\/wp-json\/wp\/v2\/types\/product"}],"wp:featuredmedia":[{"embeddable":true,"href":"https:\/\/zbranebudai.sk\/hu\/wp-json\/wp\/v2\/media\/10040"}],"wp:attachment":[{"href":"https:\/\/zbranebudai.sk\/hu\/wp-json\/wp\/v2\/media?parent=14669"}],"wp:term":[{"taxonomy":"product_brand","embeddable":true,"href":"https:\/\/zbranebudai.sk\/hu\/wp-json\/wp\/v2\/product_brand?post=14669"},{"taxonomy":"product_cat","embeddable":true,"href":"https:\/\/zbranebudai.sk\/hu\/wp-json\/wp\/v2\/product_cat?post=14669"},{"taxonomy":"product_tag","embeddable":true,"href":"https:\/\/zbranebudai.sk\/hu\/wp-json\/wp\/v2\/product_tag?post=14669"}],"curies":[{"name":"wp","href":"https:\/\/api.w.org\/{rel}","templated":true}]}}