{"id":14650,"date":"2025-02-17T17:57:28","date_gmt":"2025-02-17T15:57:28","guid":{"rendered":"https:\/\/zbranebudai.sk\/product\/tikka-t1x-mtr-kal-22lr-ns-10rd-20in-mt1-2x20-unf\/"},"modified":"2026-04-23T07:51:18","modified_gmt":"2026-04-23T05:51:18","slug":"tikka-t1x-mtr-kal-22lr-ns-10rd-20in-mt1-2x20-unf","status":"publish","type":"product","link":"https:\/\/zbranebudai.sk\/hu\/product\/tikka-t1x-mtr-kal-22lr-ns-10rd-20in-mt1-2x20-unf\/","title":{"rendered":"Tikka T1x MTR, cal. .22LR (NS 10rd 20in MT1\/2\u00d720 UNF)"},"content":{"rendered":"<p>PARAM\u00c9TEREK:<\/p>\n<p>Cs\u0151hossz: 510 mm (20 in)<br \/>\nTeljes hossz: 960 mm<br \/>\nA tart\u00e1ly kapacit\u00e1sa: 10<br \/>\nCs\u0151emelked\u00e9s: 1:16.5<br \/>\nPicatinny s\u00edn: Nem<br \/>\n\u00cdg\u00e9ret: Szintetikus<br \/>\nA hord\u00f3: ac\u00e9l: Feket\u00e9re festett ac\u00e9l<br \/>\nS\u00faly: 2,7 kg<\/p>","protected":false},"excerpt":{"rendered":"<p>A Tikka T1x MTR (Multi Task Rimfire) egy kis kaliber\u0171, p\u00e1ratlan min\u0151s\u00e9g\u0171 \u00e9s kivitelez\u00e9s\u0171 puska, amelyet \u00fagy terveztek, hogy a l\u0151feladatok sz\u00e9les sk\u00e1l\u00e1j\u00e1val megbirk\u00f3zzon, \u00e9s m\u00e9g zord terepen is t\u00f6k\u00e9letesen teljes\u00edtsen. Az egyed\u00fcl\u00e1ll\u00f3 keresztprofilos cs\u0151 a nehezebb cs\u00f6vek stabilit\u00e1s\u00e1t k\u00edn\u00e1lja jelent\u0151s s\u00falyn\u00f6veked\u00e9s n\u00e9lk\u00fcl.<\/p>","protected":false},"featured_media":9963,"template":"","meta":{"_gspb_post_css":""},"product_brand":[],"product_cat":[1821,2014,1854,2013,1820],"product_tag":[],"class_list":{"0":"post-14650","1":"product","2":"type-product","3":"status-publish","4":"has-post-thumbnail","6":"product_cat-gulovnice-zbrane-b-c","7":"product_cat-t1x-mtr","8":"product_cat-tikka","9":"product_cat-tikka-t1x","10":"product_cat-zbrane-b-c","12":"first","13":"instock","14":"taxable","15":"shipping-taxable","16":"purchasable","17":"product-type-simple"},"ct_brands":[],"_links":{"self":[{"href":"https:\/\/zbranebudai.sk\/hu\/wp-json\/wp\/v2\/product\/14650","targetHints":{"allow":["GET"]}}],"collection":[{"href":"https:\/\/zbranebudai.sk\/hu\/wp-json\/wp\/v2\/product"}],"about":[{"href":"https:\/\/zbranebudai.sk\/hu\/wp-json\/wp\/v2\/types\/product"}],"wp:featuredmedia":[{"embeddable":true,"href":"https:\/\/zbranebudai.sk\/hu\/wp-json\/wp\/v2\/media\/9963"}],"wp:attachment":[{"href":"https:\/\/zbranebudai.sk\/hu\/wp-json\/wp\/v2\/media?parent=14650"}],"wp:term":[{"taxonomy":"product_brand","embeddable":true,"href":"https:\/\/zbranebudai.sk\/hu\/wp-json\/wp\/v2\/product_brand?post=14650"},{"taxonomy":"product_cat","embeddable":true,"href":"https:\/\/zbranebudai.sk\/hu\/wp-json\/wp\/v2\/product_cat?post=14650"},{"taxonomy":"product_tag","embeddable":true,"href":"https:\/\/zbranebudai.sk\/hu\/wp-json\/wp\/v2\/product_tag?post=14650"}],"curies":[{"name":"wp","href":"https:\/\/api.w.org\/{rel}","templated":true}]}}