{"id":14649,"date":"2025-02-17T17:57:28","date_gmt":"2025-02-17T15:57:28","guid":{"rendered":"https:\/\/zbranebudai.sk\/product\/tikka-t3x-compact-tactical-rifle-lh-kal-308win-ads-ns-10rd-pica-20in-mt5-8-24\/"},"modified":"2026-04-16T04:39:55","modified_gmt":"2026-04-16T02:39:55","slug":"tikka-t3x-kompakt-taktikai-puska-lh-kal-308win-ads-ns-10rd-pica-20in-mt5-8-24","status":"publish","type":"product","link":"https:\/\/zbranebudai.sk\/hu\/product\/tikka-t3x-compact-tactical-rifle-lh-kal-308win-ads-ns-10rd-pica-20in-mt5-8-24\/","title":{"rendered":"Tikka T3x Compact Tactical Rifle LH, cal. .308Win., ADS (NS 10rd PICA 20in MT5\/8-24)"},"content":{"rendered":"<p>PARAM\u00c9TEREK:<\/p>\n<p>Cs\u0151hossz: 510 mm (20 in)<br \/>\nTeljes hossz: 1028 mm<br \/>\nA tart\u00e1ly kapacit\u00e1sa: 10<br \/>\nCs\u0151oszt\u00e1s: 1:11<br \/>\nPicatinny s\u00edn: igen<br \/>\nAnyag: ac\u00e9l<br \/>\n\u00cdg\u00e9ret: Szintetikus<br \/>\nS\u00faly: 3,8 kg<\/p>","protected":false},"excerpt":{"rendered":"<p>A Tikka T3x kompakt taktikai puska egy t\u00f6bbc\u00e9l\u00fa fegyver, amely k\u00fcl\u00f6n\u00f6sen alkalmas a maxim\u00e1lis pontoss\u00e1got ig\u00e9nyl\u0151 taktikai \u00e9s sportl\u00f6v\u00e9szetre. A T3x Compact Tactical Rifle k\u00f6nny\u0171 polimer ADS \u00e1ll\u00edthat\u00f3 sz\u00e1rral, f\u00fcgg\u0151legesen kurblis markolattal \u00e9s 10 l\u00f6v\u00e9ses ac\u00e9l t\u00e1rral van felszerelve.<\/p>","protected":false},"featured_media":9961,"template":"","meta":{"_gspb_post_css":""},"product_brand":[],"product_cat":[1821,1960,1854,1861,1820],"product_tag":[],"class_list":{"0":"post-14649","1":"product","2":"type-product","3":"status-publish","4":"has-post-thumbnail","6":"product_cat-gulovnice-zbrane-b-c","7":"product_cat-t3x-compact-tactical-rifle","8":"product_cat-tikka","9":"product_cat-tikka-t3x","10":"product_cat-zbrane-b-c","12":"first","13":"outofstock","14":"taxable","15":"shipping-taxable","16":"purchasable","17":"product-type-simple"},"ct_brands":[],"_links":{"self":[{"href":"https:\/\/zbranebudai.sk\/hu\/wp-json\/wp\/v2\/product\/14649","targetHints":{"allow":["GET"]}}],"collection":[{"href":"https:\/\/zbranebudai.sk\/hu\/wp-json\/wp\/v2\/product"}],"about":[{"href":"https:\/\/zbranebudai.sk\/hu\/wp-json\/wp\/v2\/types\/product"}],"wp:featuredmedia":[{"embeddable":true,"href":"https:\/\/zbranebudai.sk\/hu\/wp-json\/wp\/v2\/media\/9961"}],"wp:attachment":[{"href":"https:\/\/zbranebudai.sk\/hu\/wp-json\/wp\/v2\/media?parent=14649"}],"wp:term":[{"taxonomy":"product_brand","embeddable":true,"href":"https:\/\/zbranebudai.sk\/hu\/wp-json\/wp\/v2\/product_brand?post=14649"},{"taxonomy":"product_cat","embeddable":true,"href":"https:\/\/zbranebudai.sk\/hu\/wp-json\/wp\/v2\/product_cat?post=14649"},{"taxonomy":"product_tag","embeddable":true,"href":"https:\/\/zbranebudai.sk\/hu\/wp-json\/wp\/v2\/product_tag?post=14649"}],"curies":[{"name":"wp","href":"https:\/\/api.w.org\/{rel}","templated":true}]}}