{"id":14647,"date":"2025-02-17T17:57:28","date_gmt":"2025-02-17T15:57:28","guid":{"rendered":"https:\/\/zbranebudai.sk\/product\/multifunkcna-satka-tubular-tikka\/"},"modified":"2026-04-01T23:22:10","modified_gmt":"2026-04-01T21:22:10","slug":"multifunkcionalis-csoves-tikka","status":"publish","type":"product","link":"https:\/\/zbranebudai.sk\/hu\/product\/multifunkcna-satka-tubular-tikka\/","title":{"rendered":"Tubular TIKKA multifunkcion\u00e1lis s\u00e1l"},"content":{"rendered":"<p>PARAM\u00c9TEREK:<\/p>\n<p>Nyomtat\u00e1s: a Tikka log\u00f3 t\u00f6bbsz\u00f6r\u00f6sen nyomtatva a s\u00e1l k\u00f6r\u00fcl<br \/>\nAnyag: 100% magas funkcion\u00e1lis, gyorsan sz\u00e1rad\u00f3 poli\u00e9szter mikrosz\u00e1las anyag.<br \/>\nM\u00e9ret: 49 x 24,5 cm<\/p>","protected":false},"excerpt":{"rendered":"<p>Multifunkcion\u00e1lis s\u00e1l, amely eg\u00e9sz \u00e9vben ide\u00e1lis a vad\u00e1szathoz \u00e9s m\u00e1s szabadt\u00e9ri tev\u00e9kenys\u00e9gekhez. K\u00f6nny\u0171, l\u00e9g\u00e1tereszt\u0151 \u00e9s k\u00e9nyelmes. Viselhet\u0151 pl. s\u00e1lk\u00e9nt, fejfed\u0151k\u00e9nt, pul\u00f3verk\u00e9nt vagy maszkk\u00e9nt a sz\u00e9l, a hideg \u00e9s a nap ellen.<\/p>","protected":false},"featured_media":9957,"template":"","meta":{"_gspb_post_css":""},"product_brand":[],"product_cat":[1879,1821,1855,1854,1820],"product_tag":[],"class_list":{"0":"post-14647","1":"product","2":"type-product","3":"status-publish","4":"has-post-thumbnail","6":"product_cat-doplnky","7":"product_cat-gulovnice-zbrane-b-c","8":"product_cat-prislusenstvo-tikka","9":"product_cat-tikka","10":"product_cat-zbrane-b-c","12":"first","13":"instock","14":"taxable","15":"shipping-taxable","16":"purchasable","17":"product-type-simple"},"ct_brands":[],"_links":{"self":[{"href":"https:\/\/zbranebudai.sk\/hu\/wp-json\/wp\/v2\/product\/14647","targetHints":{"allow":["GET"]}}],"collection":[{"href":"https:\/\/zbranebudai.sk\/hu\/wp-json\/wp\/v2\/product"}],"about":[{"href":"https:\/\/zbranebudai.sk\/hu\/wp-json\/wp\/v2\/types\/product"}],"wp:featuredmedia":[{"embeddable":true,"href":"https:\/\/zbranebudai.sk\/hu\/wp-json\/wp\/v2\/media\/9957"}],"wp:attachment":[{"href":"https:\/\/zbranebudai.sk\/hu\/wp-json\/wp\/v2\/media?parent=14647"}],"wp:term":[{"taxonomy":"product_brand","embeddable":true,"href":"https:\/\/zbranebudai.sk\/hu\/wp-json\/wp\/v2\/product_brand?post=14647"},{"taxonomy":"product_cat","embeddable":true,"href":"https:\/\/zbranebudai.sk\/hu\/wp-json\/wp\/v2\/product_cat?post=14647"},{"taxonomy":"product_tag","embeddable":true,"href":"https:\/\/zbranebudai.sk\/hu\/wp-json\/wp\/v2\/product_tag?post=14647"}],"curies":[{"name":"wp","href":"https:\/\/api.w.org\/{rel}","templated":true}]}}