{"id":14646,"date":"2025-02-17T17:57:28","date_gmt":"2025-02-17T15:57:28","guid":{"rendered":"https:\/\/zbranebudai.sk\/product\/siltovka-tikka-3d-logo\/"},"modified":"2026-04-16T04:39:54","modified_gmt":"2026-04-16T02:39:54","slug":"tikka-3d-logo","status":"publish","type":"product","link":"https:\/\/zbranebudai.sk\/hu\/product\/siltovka-tikka-3d-logo\/","title":{"rendered":"Sapka TIKKA 3D log\u00f3"},"content":{"rendered":"","protected":false},"excerpt":{"rendered":"<p>Fekete sapka 3D log\u00f3val. A pajzs als\u00f3 r\u00e9sze narancss\u00e1rga. Bel\u00fcl SECOND TO NONE felirat. \u00c1ll\u00edthat\u00f3 m\u00e9ret\u0171 p\u00e1nttal. Anyaga: 100% poli\u00e9szter.<\/p>","protected":false},"featured_media":9955,"template":"","meta":{"_gspb_post_css":""},"product_brand":[],"product_cat":[1879,1821,1855,1854,1820],"product_tag":[],"class_list":{"0":"post-14646","1":"product","2":"type-product","3":"status-publish","4":"has-post-thumbnail","6":"product_cat-doplnky","7":"product_cat-gulovnice-zbrane-b-c","8":"product_cat-prislusenstvo-tikka","9":"product_cat-tikka","10":"product_cat-zbrane-b-c","12":"first","13":"outofstock","14":"taxable","15":"shipping-taxable","16":"purchasable","17":"product-type-simple"},"ct_brands":[],"_links":{"self":[{"href":"https:\/\/zbranebudai.sk\/hu\/wp-json\/wp\/v2\/product\/14646","targetHints":{"allow":["GET"]}}],"collection":[{"href":"https:\/\/zbranebudai.sk\/hu\/wp-json\/wp\/v2\/product"}],"about":[{"href":"https:\/\/zbranebudai.sk\/hu\/wp-json\/wp\/v2\/types\/product"}],"wp:featuredmedia":[{"embeddable":true,"href":"https:\/\/zbranebudai.sk\/hu\/wp-json\/wp\/v2\/media\/9955"}],"wp:attachment":[{"href":"https:\/\/zbranebudai.sk\/hu\/wp-json\/wp\/v2\/media?parent=14646"}],"wp:term":[{"taxonomy":"product_brand","embeddable":true,"href":"https:\/\/zbranebudai.sk\/hu\/wp-json\/wp\/v2\/product_brand?post=14646"},{"taxonomy":"product_cat","embeddable":true,"href":"https:\/\/zbranebudai.sk\/hu\/wp-json\/wp\/v2\/product_cat?post=14646"},{"taxonomy":"product_tag","embeddable":true,"href":"https:\/\/zbranebudai.sk\/hu\/wp-json\/wp\/v2\/product_tag?post=14646"}],"curies":[{"name":"wp","href":"https:\/\/api.w.org\/{rel}","templated":true}]}}