{"id":14644,"date":"2025-02-17T17:57:27","date_gmt":"2025-02-17T15:57:27","guid":{"rendered":"https:\/\/zbranebudai.sk\/product\/sako-3d-gumena-nasivka\/"},"modified":"2026-04-16T04:39:46","modified_gmt":"2026-04-16T02:39:46","slug":"kabat-3d-gumikopeny","status":"publish","type":"product","link":"https:\/\/zbranebudai.sk\/hu\/product\/sako-3d-gumena-nasivka\/","title":{"rendered":"SAKO 3D gumifolt"},"content":{"rendered":"<p>Param\u00e9terek:<\/p>\n<p>Sz\u00edn: fekete<br \/>\nAnyag: T\u00e9p\u0151z\u00e1r a h\u00e1tulj\u00e1n.<br \/>\nM\u00e9ret: 7 x 4 cm<\/p>","protected":false},"excerpt":{"rendered":"<p>Kab\u00e1t 3D gumi applik\u00e1ci\u00f3 t\u00e9p\u0151z\u00e1rral a h\u00e1t\u00e1n. Kalapokra, kab\u00e1tokra \u00e9s m\u00e1s sz\u00f6vetekre r\u00f6gz\u00edthet\u0151 a szemben l\u00e9v\u0151 t\u00e9p\u0151z\u00e1ras darab seg\u00edts\u00e9g\u00e9vel. Tart\u00f3ss\u00e1g\u00e1nak k\u00f6sz\u00f6nhet\u0151en a PVC-tapasz kiv\u00e1l\u00f3 v\u00e1laszt\u00e1s k\u00fclt\u00e9ri haszn\u00e1latra. Term\u00e9szetesen v\u00edz\u00e1ll\u00f3, \u00edgy a legdurv\u00e1bb \u00e9s legzordabb k\u00f6rnyezetben is ellen\u00e1ll.<\/p>","protected":false},"featured_media":9951,"template":"","meta":{"_gspb_post_css":""},"product_brand":[],"product_cat":[1939,1821,1928,1822,1820],"product_tag":[],"class_list":{"0":"post-14644","1":"product","2":"type-product","3":"status-publish","4":"has-post-thumbnail","6":"product_cat-doplnky-prislusenstvo-sako","7":"product_cat-gulovnice-zbrane-b-c","8":"product_cat-prislusenstvo-sako","9":"product_cat-sako","10":"product_cat-zbrane-b-c","12":"first","13":"instock","14":"taxable","15":"shipping-taxable","16":"purchasable","17":"product-type-simple"},"ct_brands":[],"_links":{"self":[{"href":"https:\/\/zbranebudai.sk\/hu\/wp-json\/wp\/v2\/product\/14644","targetHints":{"allow":["GET"]}}],"collection":[{"href":"https:\/\/zbranebudai.sk\/hu\/wp-json\/wp\/v2\/product"}],"about":[{"href":"https:\/\/zbranebudai.sk\/hu\/wp-json\/wp\/v2\/types\/product"}],"wp:featuredmedia":[{"embeddable":true,"href":"https:\/\/zbranebudai.sk\/hu\/wp-json\/wp\/v2\/media\/9951"}],"wp:attachment":[{"href":"https:\/\/zbranebudai.sk\/hu\/wp-json\/wp\/v2\/media?parent=14644"}],"wp:term":[{"taxonomy":"product_brand","embeddable":true,"href":"https:\/\/zbranebudai.sk\/hu\/wp-json\/wp\/v2\/product_brand?post=14644"},{"taxonomy":"product_cat","embeddable":true,"href":"https:\/\/zbranebudai.sk\/hu\/wp-json\/wp\/v2\/product_cat?post=14644"},{"taxonomy":"product_tag","embeddable":true,"href":"https:\/\/zbranebudai.sk\/hu\/wp-json\/wp\/v2\/product_tag?post=14644"}],"curies":[{"name":"wp","href":"https:\/\/api.w.org\/{rel}","templated":true}]}}