{"id":14643,"date":"2025-02-17T17:57:27","date_gmt":"2025-02-17T15:57:27","guid":{"rendered":"https:\/\/zbranebudai.sk\/product\/termohrncek-sako-03-l-cierny\/"},"modified":"2026-04-16T04:39:46","modified_gmt":"2026-04-16T02:39:46","slug":"thermo-bogre-kabat-03-l-fekete","status":"publish","type":"product","link":"https:\/\/zbranebudai.sk\/hu\/product\/termohrncek-sako-03-l-cierny\/","title":{"rendered":"SAKO thermo b\u00f6gre 0,3 l fekete"},"content":{"rendered":"","protected":false},"excerpt":{"rendered":"<p>Kompakt termosz 0,3 literes \u0171rtartalommal a Tikka c\u00e9gt\u0151l. A termosz praktikusan nyithat\u00f3 fed\u00e9llel rendelkezik, amely z\u00e1rhat\u00f3, hogy megakad\u00e1lyozza a nem k\u00edv\u00e1nt nyit\u00e1st, ha h\u00e1tizs\u00e1kban hordja. A kiv\u00e1l\u00f3 min\u0151s\u00e9g\u0171 kivitelez\u00e9s \u00e9s a tart\u00f3s rozsdamentes ac\u00e9lszerkezet kiv\u00e1l\u00f3an alkalmas utaz\u00e1shoz.<\/p>","protected":false},"featured_media":9949,"template":"","meta":{"_gspb_post_css":""},"product_brand":[],"product_cat":[1939,1821,1928,1822,1820],"product_tag":[],"class_list":{"0":"post-14643","1":"product","2":"type-product","3":"status-publish","4":"has-post-thumbnail","6":"product_cat-doplnky-prislusenstvo-sako","7":"product_cat-gulovnice-zbrane-b-c","8":"product_cat-prislusenstvo-sako","9":"product_cat-sako","10":"product_cat-zbrane-b-c","12":"first","13":"outofstock","14":"taxable","15":"shipping-taxable","16":"purchasable","17":"product-type-simple"},"ct_brands":[],"_links":{"self":[{"href":"https:\/\/zbranebudai.sk\/hu\/wp-json\/wp\/v2\/product\/14643","targetHints":{"allow":["GET"]}}],"collection":[{"href":"https:\/\/zbranebudai.sk\/hu\/wp-json\/wp\/v2\/product"}],"about":[{"href":"https:\/\/zbranebudai.sk\/hu\/wp-json\/wp\/v2\/types\/product"}],"wp:featuredmedia":[{"embeddable":true,"href":"https:\/\/zbranebudai.sk\/hu\/wp-json\/wp\/v2\/media\/9949"}],"wp:attachment":[{"href":"https:\/\/zbranebudai.sk\/hu\/wp-json\/wp\/v2\/media?parent=14643"}],"wp:term":[{"taxonomy":"product_brand","embeddable":true,"href":"https:\/\/zbranebudai.sk\/hu\/wp-json\/wp\/v2\/product_brand?post=14643"},{"taxonomy":"product_cat","embeddable":true,"href":"https:\/\/zbranebudai.sk\/hu\/wp-json\/wp\/v2\/product_cat?post=14643"},{"taxonomy":"product_tag","embeddable":true,"href":"https:\/\/zbranebudai.sk\/hu\/wp-json\/wp\/v2\/product_tag?post=14643"}],"curies":[{"name":"wp","href":"https:\/\/api.w.org\/{rel}","templated":true}]}}