{"id":14642,"date":"2025-02-17T17:57:27","date_gmt":"2025-02-17T15:57:27","guid":{"rendered":"https:\/\/zbranebudai.sk\/product\/noz-sako-eka-swing-blade-g3\/"},"modified":"2026-04-16T04:39:45","modified_gmt":"2026-04-16T02:39:45","slug":"kabatkes-eka-swing-penge-g3","status":"publish","type":"product","link":"https:\/\/zbranebudai.sk\/hu\/product\/noz-sako-eka-swing-blade-g3\/","title":{"rendered":"SAKO EKA Swing Blade G3"},"content":{"rendered":"<p>Sandvik 12C27 - Sv\u00e9d rozsdamentes ac\u00e9l, amelyet a Sandvik Corporation kifejezetten k\u00e9sek \u00e9s seb\u00e9szeti eszk\u00f6z\u00f6k sz\u00e1m\u00e1ra fejlesztett ki. Az EKA peng\u00e9ket 57-59 HRC kem\u00e9nys\u00e9g\u0171re edzik a hossz\u00fa t\u00e1v\u00fa \u00e9less\u00e9gmeg\u0151rz\u00e9s \u00e9rdek\u00e9ben. \u00d6sszehasonl\u00edt\u00f3 tesztek kimutatt\u00e1k, hogy az EKA k\u00e9sek tov\u00e1bb meg\u0151rzik \u00e9less\u00e9g\u00fcket, mint a legt\u00f6bb vezet\u0151 k\u00e9sm\u00e1rka.<\/p>\n<p>PARAM\u00c9TEREK:<\/p>\n<p>Teljes hossz: 215 mm<br \/>\nPenge hossza: 100\/80 mm<br \/>\nPenge vastags\u00e1ga: 2,9 mm<br \/>\nS\u00faly: 134 g<br \/>\nPenge anyaga: Sandvik 12C27<br \/>\nPenge kem\u00e9nys\u00e9ge: 57-59 HRC<br \/>\nMarkolat anyaga: PROFLEX\u2122<br \/>\ntok: Fekete nejlon<\/p>","protected":false},"excerpt":{"rendered":"<p>A Sandvik 12C27 ac\u00e9lb\u00f3l k\u00e9sz\u00fclt, forgathat\u00f3 kombin\u00e1lt peng\u00e9vel ell\u00e1tott sv\u00e9d vad\u00e1szk\u00e9s minden vad\u00e1sz \u00e9s szarvas nyomkeres\u0151 n\u00e9lk\u00fcl\u00f6zhetetlen eszk\u00f6ze. Egyik oldal\u00e1n a klasszikus penge, a m\u00e1sikon a kil\u00f6v\u0151 penge tal\u00e1lhat\u00f3. Az elforgat\u00e1st egy massz\u00edv reteszel\u0151 mechanizmus biztos\u00edtja, a penge egy egyszer\u0171 gombnyom\u00e1ssal oldhat\u00f3 ki. Cs\u00facsdiz\u00e1jn, t\u00f6k\u00e9letes funkcionalit\u00e1s \u00e9s elegancia a vil\u00e1gh\u00edr\u0171 EKA Swede gy\u00e1rt\u00f3t\u00f3l.<\/p>","protected":false},"featured_media":9947,"template":"","meta":{"_gspb_post_css":""},"product_brand":[],"product_cat":[1939,1821,1928,1822,1820],"product_tag":[],"class_list":{"0":"post-14642","1":"product","2":"type-product","3":"status-publish","4":"has-post-thumbnail","6":"product_cat-doplnky-prislusenstvo-sako","7":"product_cat-gulovnice-zbrane-b-c","8":"product_cat-prislusenstvo-sako","9":"product_cat-sako","10":"product_cat-zbrane-b-c","12":"first","13":"outofstock","14":"taxable","15":"shipping-taxable","16":"purchasable","17":"product-type-simple"},"ct_brands":[],"_links":{"self":[{"href":"https:\/\/zbranebudai.sk\/hu\/wp-json\/wp\/v2\/product\/14642","targetHints":{"allow":["GET"]}}],"collection":[{"href":"https:\/\/zbranebudai.sk\/hu\/wp-json\/wp\/v2\/product"}],"about":[{"href":"https:\/\/zbranebudai.sk\/hu\/wp-json\/wp\/v2\/types\/product"}],"wp:featuredmedia":[{"embeddable":true,"href":"https:\/\/zbranebudai.sk\/hu\/wp-json\/wp\/v2\/media\/9947"}],"wp:attachment":[{"href":"https:\/\/zbranebudai.sk\/hu\/wp-json\/wp\/v2\/media?parent=14642"}],"wp:term":[{"taxonomy":"product_brand","embeddable":true,"href":"https:\/\/zbranebudai.sk\/hu\/wp-json\/wp\/v2\/product_brand?post=14642"},{"taxonomy":"product_cat","embeddable":true,"href":"https:\/\/zbranebudai.sk\/hu\/wp-json\/wp\/v2\/product_cat?post=14642"},{"taxonomy":"product_tag","embeddable":true,"href":"https:\/\/zbranebudai.sk\/hu\/wp-json\/wp\/v2\/product_tag?post=14642"}],"curies":[{"name":"wp","href":"https:\/\/api.w.org\/{rel}","templated":true}]}}