{"id":14639,"date":"2025-02-17T17:57:26","date_gmt":"2025-02-17T15:57:26","guid":{"rendered":"https:\/\/zbranebudai.sk\/product\/tikka-t1x-upr-kal-22lr-ns-10rd-20in-mt1-2x28-unef\/"},"modified":"2026-04-23T07:51:18","modified_gmt":"2026-04-23T05:51:18","slug":"tikka-t1x-upr-kal-22lr-ns-10rd-20in-mt1-2x28-unef","status":"publish","type":"product","link":"https:\/\/zbranebudai.sk\/hu\/product\/tikka-t1x-upr-kal-22lr-ns-10rd-20in-mt1-2x28-unef\/","title":{"rendered":"Tikka T1x UPR, cal. .22LR (NS 10rd 20in MT1\/2\u00d728 UNEF)"},"content":{"rendered":"<p>PARAM\u00c9TEREK:<\/p>\n<p>Cs\u0151hossz: 510 mm (20 in)<br \/>\nTeljes hossz: 960 mm<br \/>\nA tart\u00e1ly kapacit\u00e1sa: 10<br \/>\nCs\u0151emelked\u00e9s: 1:16.5<br \/>\nPicatinny s\u00edn: Nem<br \/>\nA hord\u00f3: ac\u00e9l: Feket\u00e9re festett ac\u00e9l<br \/>\n\u00cdg\u00e9ret: Sz\u00e9n + \u00fcvegsz\u00e1las OL\u00cdVUMZ\u00d6LD<br \/>\nS\u00faly: 2,7 kg<\/p>","protected":false},"excerpt":{"rendered":"<p>A T1x Ultimate Precision Rifle (UPR) egy \u00fajfajta, k\u00f6nny\u0171 sz\u00e9n- \u00e9s \u00fcvegsz\u00e1las l\u00f6v\u00e9sz\u00e1rszerkezetet vezet be, amely alacsony s\u00falyt \u00e9s nagy merevs\u00e9get garant\u00e1l. A sz\u00e1r \u00e9rdes\u00edtett fel\u00fclettel rendelkezik a lehet\u0151 legjobb fog\u00e1s \u00e9rdek\u00e9ben minden k\u00f6r\u00fclm\u00e9nyek k\u00f6z\u00f6tt. Stabil \u00e1ll\u00edthat\u00f3 orrpofa. QD p\u00e1ntokhoz val\u00f3 hosszabb\u00edt\u00e1sok. A T1x UPR pusk\u00e1k 1\"-20 UNF vagy 1\"-28 UNEF torkolati menettel rendelkeznek.<\/p>","protected":false},"featured_media":9939,"template":"","meta":{"_gspb_post_css":""},"product_brand":[],"product_cat":[1821,2080,1854,2013,1820],"product_tag":[],"class_list":{"0":"post-14639","1":"product","2":"type-product","3":"status-publish","4":"has-post-thumbnail","6":"product_cat-gulovnice-zbrane-b-c","7":"product_cat-t1x-upr","8":"product_cat-tikka","9":"product_cat-tikka-t1x","10":"product_cat-zbrane-b-c","12":"first","13":"instock","14":"taxable","15":"shipping-taxable","16":"purchasable","17":"product-type-simple"},"ct_brands":[],"_links":{"self":[{"href":"https:\/\/zbranebudai.sk\/hu\/wp-json\/wp\/v2\/product\/14639","targetHints":{"allow":["GET"]}}],"collection":[{"href":"https:\/\/zbranebudai.sk\/hu\/wp-json\/wp\/v2\/product"}],"about":[{"href":"https:\/\/zbranebudai.sk\/hu\/wp-json\/wp\/v2\/types\/product"}],"wp:featuredmedia":[{"embeddable":true,"href":"https:\/\/zbranebudai.sk\/hu\/wp-json\/wp\/v2\/media\/9939"}],"wp:attachment":[{"href":"https:\/\/zbranebudai.sk\/hu\/wp-json\/wp\/v2\/media?parent=14639"}],"wp:term":[{"taxonomy":"product_brand","embeddable":true,"href":"https:\/\/zbranebudai.sk\/hu\/wp-json\/wp\/v2\/product_brand?post=14639"},{"taxonomy":"product_cat","embeddable":true,"href":"https:\/\/zbranebudai.sk\/hu\/wp-json\/wp\/v2\/product_cat?post=14639"},{"taxonomy":"product_tag","embeddable":true,"href":"https:\/\/zbranebudai.sk\/hu\/wp-json\/wp\/v2\/product_tag?post=14639"}],"curies":[{"name":"wp","href":"https:\/\/api.w.org\/{rel}","templated":true}]}}