{"id":14638,"date":"2025-02-17T17:57:26","date_gmt":"2025-02-17T15:57:26","guid":{"rendered":"https:\/\/zbranebudai.sk\/product\/kompenzator-hellcat-h11\/"},"modified":"2026-04-16T05:31:52","modified_gmt":"2026-04-16T03:31:52","slug":"hellcat-h11-kompenzator","status":"publish","type":"product","link":"https:\/\/zbranebudai.sk\/hu\/product\/kompenzator-hellcat-h11\/","title":{"rendered":"Kompenz\u00e1tor HELLCAT\/H11"},"content":{"rendered":"","protected":false},"excerpt":{"rendered":"<p>8082 elox\u00e1lt alum\u00ednium kompenz\u00e1tor szabadalmaztatott \u00f6nz\u00e1r\u00f3 kialak\u00edt\u00e1ssal (nem ig\u00e9nyel al\u00e1t\u00e9teket vagy tov\u00e1bbi alkatr\u00e9szeket). HELLCAT\/H11-hez tervezt\u00e9k. (Kompenz\u00e1tor HELLCAT\/62168)<\/p>","protected":false},"featured_media":9937,"template":"","meta":{"_gspb_post_css":""},"product_brand":[],"product_cat":[2078,1864,2043,2033,1820],"product_tag":[],"class_list":{"0":"post-14638","1":"product","2":"type-product","3":"status-publish","4":"has-post-thumbnail","6":"product_cat-nahradne-diely-prislusenstvo-springfield-armory","7":"product_cat-pistole-zbrane-b-c","8":"product_cat-prislusenstvo-springfield-armory","9":"product_cat-springfield-armory-hs-produkt","10":"product_cat-zbrane-b-c","12":"first","13":"outofstock","14":"taxable","15":"shipping-taxable","16":"purchasable","17":"product-type-simple"},"ct_brands":[],"_links":{"self":[{"href":"https:\/\/zbranebudai.sk\/hu\/wp-json\/wp\/v2\/product\/14638","targetHints":{"allow":["GET"]}}],"collection":[{"href":"https:\/\/zbranebudai.sk\/hu\/wp-json\/wp\/v2\/product"}],"about":[{"href":"https:\/\/zbranebudai.sk\/hu\/wp-json\/wp\/v2\/types\/product"}],"wp:featuredmedia":[{"embeddable":true,"href":"https:\/\/zbranebudai.sk\/hu\/wp-json\/wp\/v2\/media\/9937"}],"wp:attachment":[{"href":"https:\/\/zbranebudai.sk\/hu\/wp-json\/wp\/v2\/media?parent=14638"}],"wp:term":[{"taxonomy":"product_brand","embeddable":true,"href":"https:\/\/zbranebudai.sk\/hu\/wp-json\/wp\/v2\/product_brand?post=14638"},{"taxonomy":"product_cat","embeddable":true,"href":"https:\/\/zbranebudai.sk\/hu\/wp-json\/wp\/v2\/product_cat?post=14638"},{"taxonomy":"product_tag","embeddable":true,"href":"https:\/\/zbranebudai.sk\/hu\/wp-json\/wp\/v2\/product_tag?post=14638"}],"curies":[{"name":"wp","href":"https:\/\/api.w.org\/{rel}","templated":true}]}}