{"id":14636,"date":"2025-02-17T17:57:26","date_gmt":"2025-02-17T15:57:26","guid":{"rendered":"https:\/\/zbranebudai.sk\/product\/cielnik-xd-xd-m-sf19-g2-line-biely-kratky\/"},"modified":"2026-04-09T02:46:53","modified_gmt":"2026-04-09T00:46:53","slug":"hocserelo-xd-xd-m-sf19-g2-vonal-feher-rovid","status":"publish","type":"product","link":"https:\/\/zbranebudai.sk\/hu\/product\/cielnik-xd-xd-m-sf19-g2-line-biely-kratky\/","title":{"rendered":"XD\/XD-M\/SF19\/G2 vonal, feh\u00e9r, r\u00f6vid"},"content":{"rendered":"","protected":false},"excerpt":{"rendered":"<p>Feh\u00e9r pontc\u00e9l az XD\/XD-M\/SF19\/G2 vonalhoz. A kollim\u00e1torral ell\u00e1tott v\u00e1ltozatokhoz is alkalmas. Nem alkalmas az XD-M ELITE 5,25\u2033 PRECISION\/SF19 5,25-\u00f6s t\u00edpushoz.<\/p>","protected":false},"featured_media":9933,"template":"","meta":{"_gspb_post_css":""},"product_brand":[],"product_cat":[2051,1864,2043,2033,1820],"product_tag":[],"class_list":{"0":"post-14636","1":"product","2":"type-product","3":"status-publish","4":"has-post-thumbnail","6":"product_cat-mieridla-prislusenstvo-springfield-armory","7":"product_cat-pistole-zbrane-b-c","8":"product_cat-prislusenstvo-springfield-armory","9":"product_cat-springfield-armory-hs-produkt","10":"product_cat-zbrane-b-c","12":"first","13":"outofstock","14":"taxable","15":"shipping-taxable","16":"purchasable","17":"product-type-simple"},"ct_brands":[],"_links":{"self":[{"href":"https:\/\/zbranebudai.sk\/hu\/wp-json\/wp\/v2\/product\/14636","targetHints":{"allow":["GET"]}}],"collection":[{"href":"https:\/\/zbranebudai.sk\/hu\/wp-json\/wp\/v2\/product"}],"about":[{"href":"https:\/\/zbranebudai.sk\/hu\/wp-json\/wp\/v2\/types\/product"}],"wp:featuredmedia":[{"embeddable":true,"href":"https:\/\/zbranebudai.sk\/hu\/wp-json\/wp\/v2\/media\/9933"}],"wp:attachment":[{"href":"https:\/\/zbranebudai.sk\/hu\/wp-json\/wp\/v2\/media?parent=14636"}],"wp:term":[{"taxonomy":"product_brand","embeddable":true,"href":"https:\/\/zbranebudai.sk\/hu\/wp-json\/wp\/v2\/product_brand?post=14636"},{"taxonomy":"product_cat","embeddable":true,"href":"https:\/\/zbranebudai.sk\/hu\/wp-json\/wp\/v2\/product_cat?post=14636"},{"taxonomy":"product_tag","embeddable":true,"href":"https:\/\/zbranebudai.sk\/hu\/wp-json\/wp\/v2\/product_tag?post=14636"}],"curies":[{"name":"wp","href":"https:\/\/api.w.org\/{rel}","templated":true}]}}