{"id":14620,"date":"2025-02-17T17:57:24","date_gmt":"2025-02-17T15:57:24","guid":{"rendered":"https:\/\/zbranebudai.sk\/product\/dvojnozka-spartan-tikka\/"},"modified":"2026-04-16T04:39:45","modified_gmt":"2026-04-16T02:39:45","slug":"spartai-tikka-ketlabu","status":"publish","type":"product","link":"https:\/\/zbranebudai.sk\/hu\/product\/dvojnozka-spartan-tikka\/","title":{"rendered":"Spartan Tikka bipod"},"content":{"rendered":"<p>Egyszer\u0171 \u00f6sszeszerel\u00e9s: csak cser\u00e9lje ki a sz\u00edjcsavart a mell\u00e9kelt adapterre. Az adapteren van egy szem, \u00edgy a heveder haszn\u00e1lat\u00e1nak lehet\u0151s\u00e9ge megmarad. Ha megv\u00e1s\u00e1rolja a megfelel\u0151 adaptereket, egy bipod haszn\u00e1lata t\u00f6bb pusk\u00e1n is nagyon egyszer\u0171 \u00e9s gyors.<\/p>\n<p>CSOMAG TARTALMA:<\/p>\n<p>1x Spartan Tikka bipod<br \/>\n1x adapter a hevederhez<br \/>\n3x gumi adapterbet\u00e9t (k\u00fcl\u00f6nb\u00f6z\u0151 form\u00e1j\u00fa)<br \/>\n6x Szerel\u0151csavar (k\u00fcl\u00f6nb\u00f6z\u0151 m\u00e9ret\u0171)<br \/>\n1x szerel\u0151szersz\u00e1m<br \/>\n1x t\u00e1rol\u00f3 tok<\/p>","protected":false},"excerpt":{"rendered":"<p>Az ig\u00e9nyes vad\u00e1szok sz\u00e1m\u00e1ra tervezett Spartan Tikka bipod kit\u0171nik kiv\u00e1l\u00f3 min\u0151s\u00e9g\u0171 kivitelez\u00e9s\u00e9vel, \u00e9s lehet\u0151v\u00e9 teszi a k\u00f6nny\u0171 \u00e9s gyors egykezes kezel\u00e9st. A kiv\u00e1l\u00f3 min\u0151s\u00e9g\u0171 sz\u00e9nsz\u00e1lb\u00f3l k\u00e9sz\u00fclt kih\u00fazhat\u00f3 l\u00e1bak k\u00f6nny\u0171 s\u00falyt \u00e9s szil\u00e1rds\u00e1got biztos\u00edtanak. A k\u00fcls\u0151 s\u00farl\u00f3d\u00e1si z\u00e1r kialak\u00edt\u00e1s seg\u00edt t\u00e1vol tartani a l\u00e1bak r\u00f6gz\u00edt\u0151 mechanizmus\u00e1t a szennyez\u0151d\u00e9sekt\u0151l, \u00e9s lehet\u0151v\u00e9 teszi a gyors \u00e9s egyszer\u0171 be\u00e1ll\u00edt\u00e1st. A kem\u00e9nyf\u00e9m hegyek \u00e9s a gumisapka stabil poz\u00edci\u00f3t biztos\u00edtanak a k\u00fcl\u00f6nb\u00f6z\u0151 fel\u00fcleteken. Tart\u00f3s, kem\u00e9nyen elox\u00e1lt 7075-\u00f6s alum\u00edniumszerkezet egykezes l\u0151\u00e1ll\u00e1sr\u00f6gz\u00edt\u0151 funkci\u00f3val. A Spartan m\u00e1gneses r\u00f6gz\u00edt\u00e9si rendszer biztos\u00edtja a bipod egyszer\u0171 \u00e9s gyors csatlakoztat\u00e1s\u00e1t a pusk\u00e1hoz.<\/p>","protected":false},"featured_media":9833,"template":"","meta":{"_gspb_post_css":""},"product_brand":[],"product_cat":[1879,1821,1855,1854,1820],"product_tag":[],"class_list":{"0":"post-14620","1":"product","2":"type-product","3":"status-publish","4":"has-post-thumbnail","6":"product_cat-doplnky","7":"product_cat-gulovnice-zbrane-b-c","8":"product_cat-prislusenstvo-tikka","9":"product_cat-tikka","10":"product_cat-zbrane-b-c","12":"first","13":"instock","14":"taxable","15":"shipping-taxable","16":"purchasable","17":"product-type-simple"},"ct_brands":[],"_links":{"self":[{"href":"https:\/\/zbranebudai.sk\/hu\/wp-json\/wp\/v2\/product\/14620","targetHints":{"allow":["GET"]}}],"collection":[{"href":"https:\/\/zbranebudai.sk\/hu\/wp-json\/wp\/v2\/product"}],"about":[{"href":"https:\/\/zbranebudai.sk\/hu\/wp-json\/wp\/v2\/types\/product"}],"wp:featuredmedia":[{"embeddable":true,"href":"https:\/\/zbranebudai.sk\/hu\/wp-json\/wp\/v2\/media\/9833"}],"wp:attachment":[{"href":"https:\/\/zbranebudai.sk\/hu\/wp-json\/wp\/v2\/media?parent=14620"}],"wp:term":[{"taxonomy":"product_brand","embeddable":true,"href":"https:\/\/zbranebudai.sk\/hu\/wp-json\/wp\/v2\/product_brand?post=14620"},{"taxonomy":"product_cat","embeddable":true,"href":"https:\/\/zbranebudai.sk\/hu\/wp-json\/wp\/v2\/product_cat?post=14620"},{"taxonomy":"product_tag","embeddable":true,"href":"https:\/\/zbranebudai.sk\/hu\/wp-json\/wp\/v2\/product_tag?post=14620"}],"curies":[{"name":"wp","href":"https:\/\/api.w.org\/{rel}","templated":true}]}}