{"id":14619,"date":"2025-02-17T17:57:24","date_gmt":"2025-02-17T15:57:24","guid":{"rendered":"https:\/\/zbranebudai.sk\/product\/vlozka-so-zavitom-do-pazby-t3x-mosadzna\/"},"modified":"2026-04-16T03:57:09","modified_gmt":"2026-04-16T01:57:09","slug":"t3x-sargarez-karom-betet","status":"publish","type":"product","link":"https:\/\/zbranebudai.sk\/hu\/product\/vlozka-so-zavitom-do-pazby-t3x-mosadzna\/","title":{"rendered":"Menetes bet\u00e9t a T3x s\u00e1rgar\u00e9z sz\u00e1rhoz"},"content":{"rendered":"","protected":false},"excerpt":{"rendered":"","protected":false},"featured_media":0,"template":"","meta":{"_gspb_post_css":""},"product_brand":[],"product_cat":[1821,1875,1855,1854,1820],"product_tag":[],"class_list":{"0":"post-14619","1":"product","2":"type-product","3":"status-publish","5":"product_cat-gulovnice-zbrane-b-c","6":"product_cat-pazby","7":"product_cat-prislusenstvo-tikka","8":"product_cat-tikka","9":"product_cat-zbrane-b-c","11":"first","12":"outofstock","13":"taxable","14":"shipping-taxable","15":"purchasable","16":"product-type-simple"},"ct_brands":[],"_links":{"self":[{"href":"https:\/\/zbranebudai.sk\/hu\/wp-json\/wp\/v2\/product\/14619","targetHints":{"allow":["GET"]}}],"collection":[{"href":"https:\/\/zbranebudai.sk\/hu\/wp-json\/wp\/v2\/product"}],"about":[{"href":"https:\/\/zbranebudai.sk\/hu\/wp-json\/wp\/v2\/types\/product"}],"wp:attachment":[{"href":"https:\/\/zbranebudai.sk\/hu\/wp-json\/wp\/v2\/media?parent=14619"}],"wp:term":[{"taxonomy":"product_brand","embeddable":true,"href":"https:\/\/zbranebudai.sk\/hu\/wp-json\/wp\/v2\/product_brand?post=14619"},{"taxonomy":"product_cat","embeddable":true,"href":"https:\/\/zbranebudai.sk\/hu\/wp-json\/wp\/v2\/product_cat?post=14619"},{"taxonomy":"product_tag","embeddable":true,"href":"https:\/\/zbranebudai.sk\/hu\/wp-json\/wp\/v2\/product_tag?post=14619"}],"curies":[{"name":"wp","href":"https:\/\/api.w.org\/{rel}","templated":true}]}}