{"id":14615,"date":"2025-02-17T17:57:24","date_gmt":"2025-02-17T15:57:24","guid":{"rendered":"https:\/\/zbranebudai.sk\/product\/tikka-t3x-sporter-lh-kal-65x55se-ns-st-5rd-msp-23-7in-mt18x1\/"},"modified":"2026-04-30T09:59:18","modified_gmt":"2026-04-30T07:59:18","slug":"tikka-t3x-sporter-lh-kal-65x55se-ns-st-5rd-msp-23-7in-mt18x1","status":"publish","type":"product","link":"https:\/\/zbranebudai.sk\/hu\/product\/tikka-t3x-sporter-lh-kal-65x55se-ns-st-5rd-msp-23-7in-mt18x1\/","title":{"rendered":"Tikka T3x Sporter LH, cal. 6,5x55SE (NS ST 5rd MSP 23.7in MT18x1)"},"content":{"rendered":"<p>PARAM\u00c9TEREK:<\/p>\n<p>Cs\u0151hossz: 602 mm (23.7 in)<br \/>\nTeljes hossz: 1114 mm<br \/>\nT\u00e1lcakapacit\u00e1s: 5<br \/>\nCs\u0151oszt\u00e1s: 1:8\u2033<br \/>\nPicatinny s\u00edn: Nem<br \/>\nA hord\u00f3: ac\u00e9l: Feket\u00e9re festett ac\u00e9l<br \/>\nK\u00e9szlet: lamin\u00e1lt Olajozott narancss\u00e1rga<br \/>\nS\u00faly: 4,6 kg<\/p>","protected":false},"excerpt":{"rendered":"<p>Tikka T3x Sporter: fejjel a siker fel\u00e9 - tapasztalja meg a vil\u00e1gsz\u00ednvonal\u00fa precizit\u00e1st. Ezt a pusk\u00e1t a gy\u00e1rt\u00f3 a Finn Vad\u00e1szok \u00e9s Sportl\u00f6v\u0151k Sz\u00f6vets\u00e9g\u00e9vel egy\u00fcttm\u0171k\u00f6dve fejlesztette ki. K\u00e9pes a legmagasabb sportszinten \u00e9rv\u00e9nyes\u00fclni, ugyanakkor vad\u00e1szfegyverk\u00e9nt is funkcion\u00e1l. A lamin\u00e1lt sz\u00e1r \u00e1ll\u00edthat\u00f3 orr-r\u00e9sszel \u00e9s fen\u00e9kr\u00e9sszel rendelkezik a legk\u00e9nyelmesebb c\u00e9lz\u00e1s \u00e9rdek\u00e9ben.<\/p>","protected":false},"featured_media":9802,"template":"","meta":{"_gspb_post_css":""},"product_brand":[],"product_cat":[1821,1961,1854,1861,1820],"product_tag":[],"class_list":{"0":"post-14615","1":"product","2":"type-product","3":"status-publish","4":"has-post-thumbnail","6":"product_cat-gulovnice-zbrane-b-c","7":"product_cat-t3x-sporter","8":"product_cat-tikka","9":"product_cat-tikka-t3x","10":"product_cat-zbrane-b-c","12":"first","13":"outofstock","14":"taxable","15":"shipping-taxable","16":"purchasable","17":"product-type-simple"},"ct_brands":[],"_links":{"self":[{"href":"https:\/\/zbranebudai.sk\/hu\/wp-json\/wp\/v2\/product\/14615","targetHints":{"allow":["GET"]}}],"collection":[{"href":"https:\/\/zbranebudai.sk\/hu\/wp-json\/wp\/v2\/product"}],"about":[{"href":"https:\/\/zbranebudai.sk\/hu\/wp-json\/wp\/v2\/types\/product"}],"wp:featuredmedia":[{"embeddable":true,"href":"https:\/\/zbranebudai.sk\/hu\/wp-json\/wp\/v2\/media\/9802"}],"wp:attachment":[{"href":"https:\/\/zbranebudai.sk\/hu\/wp-json\/wp\/v2\/media?parent=14615"}],"wp:term":[{"taxonomy":"product_brand","embeddable":true,"href":"https:\/\/zbranebudai.sk\/hu\/wp-json\/wp\/v2\/product_brand?post=14615"},{"taxonomy":"product_cat","embeddable":true,"href":"https:\/\/zbranebudai.sk\/hu\/wp-json\/wp\/v2\/product_cat?post=14615"},{"taxonomy":"product_tag","embeddable":true,"href":"https:\/\/zbranebudai.sk\/hu\/wp-json\/wp\/v2\/product_tag?post=14615"}],"curies":[{"name":"wp","href":"https:\/\/api.w.org\/{rel}","templated":true}]}}