{"id":14599,"date":"2025-02-17T17:57:20","date_gmt":"2025-02-17T15:57:20","guid":{"rendered":"https:\/\/zbranebudai.sk\/product\/ruger-sr1911-officer-style-6758-kal-9mm-luger\/"},"modified":"2026-01-17T13:53:30","modified_gmt":"2026-01-17T11:53:30","slug":"ruger-sr1911-officer-style-6758-cal-9mm-luger","status":"publish","type":"product","link":"https:\/\/zbranebudai.sk\/hu\/product\/ruger-sr1911-officer-style-6758-kal-9mm-luger\/","title":{"rendered":"Ruger SR1911 Officer-Style 6758, cal. 9mm Luger"},"content":{"rendered":"<p>PARAM\u00c9TEREK:<\/p>\n<p>T\u00e1lcakapacit\u00e1s: 7<br \/>\nCs\u0151hossz: 91 mm (3.6\u2033)<br \/>\nTeljes hossz: 184 mm<br \/>\nSz\u00e9less\u00e9g: 34 mm<br \/>\nMagass\u00e1g: 127 mm<br \/>\nCs\u0151oszt\u00e1s: 1:10\u2033 RH<br \/>\nS\u00faly: 771 g<\/p>","protected":false},"excerpt":{"rendered":"<p>A Ruger SR1911 Officer-Style 6758 a klasszikus 1911-es kompakt v\u00e1ltozata, amely alkalmas hordoz\u00e1sra \u00e9s \u00f6nv\u00e9delemre. Prec\u00edzi\u00f3s kivitelez\u00e9ssel, fekete rozsdamentes ac\u00e9lcs\u0151vel \u00e9s k\u00f6nny\u0171 alum\u00edniumszerkezettel rendelkezik, hagyom\u00e1nyos Tungsten Cerakote\u00ae kivitelben, cser\u00e9lhet\u0151 Deluxe Checkered G10 markolatpanelekkel \u00e9s h\u00e1ts\u00f3 r\u00e9sz\u00e9n sakkt\u00e1bl\u00e1s d\u00edsz\u00edt\u00e9ssel. A csontv\u00e1zas alum\u00ednium ravasz nagyon \u00e9les, k\u00f6nny\u0171 fog\u00e1st biztos\u00edt gyors vissza\u00e1ll\u00edt\u00e1ssal. A Ruger SR1911 Officer-Style 6758 k\u00e9zi biztos\u00edt\u00e9kkal, markolatbiztos\u00edt\u00e1ssal, t\u00f6lt\u00f6tt t\u00e1rjelz\u0151vel \u00e9s tit\u00e1nb\u00f3l k\u00e9sz\u00fclt \u00fct\u0151szeggel ell\u00e1tott, csontv\u00e1zas kalap\u00e1ccsal rendelkezik. Tartalmaz 2 rozsdamentes ac\u00e9l t\u00e1rat. A k\u00e9szletet 2024 november\u00e9ben fogjuk felt\u00f6lteni.<\/p>","protected":false},"featured_media":9771,"template":"","meta":{"_gspb_post_css":""},"product_brand":[],"product_cat":[1864,1877,1927,1820],"product_tag":[],"class_list":{"0":"post-14599","1":"product","2":"type-product","3":"status-publish","4":"has-post-thumbnail","6":"product_cat-pistole-zbrane-b-c","7":"product_cat-ruger-pistole-zbrane-b-c","8":"product_cat-sr1911","9":"product_cat-zbrane-b-c","11":"first","12":"instock","13":"taxable","14":"shipping-taxable","15":"purchasable","16":"product-type-simple"},"ct_brands":[],"_links":{"self":[{"href":"https:\/\/zbranebudai.sk\/hu\/wp-json\/wp\/v2\/product\/14599","targetHints":{"allow":["GET"]}}],"collection":[{"href":"https:\/\/zbranebudai.sk\/hu\/wp-json\/wp\/v2\/product"}],"about":[{"href":"https:\/\/zbranebudai.sk\/hu\/wp-json\/wp\/v2\/types\/product"}],"wp:featuredmedia":[{"embeddable":true,"href":"https:\/\/zbranebudai.sk\/hu\/wp-json\/wp\/v2\/media\/9771"}],"wp:attachment":[{"href":"https:\/\/zbranebudai.sk\/hu\/wp-json\/wp\/v2\/media?parent=14599"}],"wp:term":[{"taxonomy":"product_brand","embeddable":true,"href":"https:\/\/zbranebudai.sk\/hu\/wp-json\/wp\/v2\/product_brand?post=14599"},{"taxonomy":"product_cat","embeddable":true,"href":"https:\/\/zbranebudai.sk\/hu\/wp-json\/wp\/v2\/product_cat?post=14599"},{"taxonomy":"product_tag","embeddable":true,"href":"https:\/\/zbranebudai.sk\/hu\/wp-json\/wp\/v2\/product_tag?post=14599"}],"curies":[{"name":"wp","href":"https:\/\/api.w.org\/{rel}","templated":true}]}}