{"id":14595,"date":"2025-02-17T17:57:20","date_gmt":"2025-02-17T15:57:20","guid":{"rendered":"https:\/\/zbranebudai.sk\/product\/tikka-t3x-lite-roughtech-ember-kal-308win-ss-fl-3rd-mb-b-o-22-4in-mt5-8-24\/"},"modified":"2026-04-01T23:53:05","modified_gmt":"2026-04-01T21:53:05","slug":"tikka-t3x-lite-roughtech-ember-kal-308win-ss-fl-fl-3-mb-b-o-22-4in-mt5-8-24","status":"publish","type":"product","link":"https:\/\/zbranebudai.sk\/hu\/product\/tikka-t3x-lite-roughtech-ember-kal-308win-ss-fl-3rd-mb-b-o-22-4in-mt5-8-24\/","title":{"rendered":"Tikka T3x Lite Roughtech Ember, cal. .308Win (SS FL 3RD MB B\/O 22.4in MT5\/8-24)"},"content":{"rendered":"<p>PARAM\u00c9TEREK:<\/p>\n<p>Cs\u0151hossz: 569 mm (22.4 in)<br \/>\nTeljes hossz: 1083 mm<br \/>\nT\u00e1lcakapacit\u00e1s: 3<br \/>\nHord\u00f3 oszt\u00e1s: 1:10<br \/>\nPicatinny s\u00edn: nem<br \/>\nA hord\u00f3: Rozsdamentes ac\u00e9l<br \/>\n\u00cdg\u00e9ret: ROUGHTECH FEKETE FEST\u00c9K ORANGE WEB<br \/>\nS\u00faly: 3,0 kg<\/p>","protected":false},"excerpt":{"rendered":"<p>A T3x Lite Roughtech t\u00f6k\u00e9letes t\u00e1rs az eg\u00e9sz napos erdei vad\u00e1szatokhoz, ahol k\u00fcl\u00f6n\u00f6sen \u00e9rt\u00e9kelni fogja a k\u00f6nny\u0171 s\u00falyt a Roughtech sz\u00e1rral kombin\u00e1lva. Az \u00faj Roughtech durva text\u00far\u00e1j\u00fa fel\u00fcletnek k\u00f6sz\u00f6nhet\u0151en a Tikka T3x pusk\u00e1k j\u00f3 fog\u00e1st \u00e9s szil\u00e1rd tart\u00e1st biztos\u00edtanak m\u00e9g zord id\u0151j\u00e1r\u00e1si k\u00f6r\u00fclm\u00e9nyek k\u00f6z\u00f6tt is, \u00e9s karcol\u00e1s\u00e1ll\u00f3bbak. A z\u00e1r egyedi form\u00e1j\u00e1val egy\u00fctt eredeti diz\u00e1jndarabot alkotnak. Tartoz\u00e9k a visszar\u00fag\u00e1s cs\u00f6kkent\u00e9s\u00e9re szolg\u00e1l\u00f3 fesz\u00edt\u0151f\u00e9k.<\/p>","protected":false},"featured_media":9757,"template":"","meta":{"_gspb_post_css":""},"product_brand":[],"product_cat":[1821,2055,1955,1854,1861,1820],"product_tag":[],"class_list":{"0":"post-14595","1":"product","2":"type-product","3":"status-publish","4":"has-post-thumbnail","6":"product_cat-gulovnice-zbrane-b-c","7":"product_cat-t3x-lite-roughtech","8":"product_cat-t3x-lite-series","9":"product_cat-tikka","10":"product_cat-tikka-t3x","11":"product_cat-zbrane-b-c","13":"first","14":"instock","15":"taxable","16":"shipping-taxable","17":"purchasable","18":"product-type-simple"},"ct_brands":[],"_links":{"self":[{"href":"https:\/\/zbranebudai.sk\/hu\/wp-json\/wp\/v2\/product\/14595","targetHints":{"allow":["GET"]}}],"collection":[{"href":"https:\/\/zbranebudai.sk\/hu\/wp-json\/wp\/v2\/product"}],"about":[{"href":"https:\/\/zbranebudai.sk\/hu\/wp-json\/wp\/v2\/types\/product"}],"wp:featuredmedia":[{"embeddable":true,"href":"https:\/\/zbranebudai.sk\/hu\/wp-json\/wp\/v2\/media\/9757"}],"wp:attachment":[{"href":"https:\/\/zbranebudai.sk\/hu\/wp-json\/wp\/v2\/media?parent=14595"}],"wp:term":[{"taxonomy":"product_brand","embeddable":true,"href":"https:\/\/zbranebudai.sk\/hu\/wp-json\/wp\/v2\/product_brand?post=14595"},{"taxonomy":"product_cat","embeddable":true,"href":"https:\/\/zbranebudai.sk\/hu\/wp-json\/wp\/v2\/product_cat?post=14595"},{"taxonomy":"product_tag","embeddable":true,"href":"https:\/\/zbranebudai.sk\/hu\/wp-json\/wp\/v2\/product_tag?post=14595"}],"curies":[{"name":"wp","href":"https:\/\/api.w.org\/{rel}","templated":true}]}}