{"id":14594,"date":"2025-02-17T17:57:20","date_gmt":"2025-02-17T15:57:20","guid":{"rendered":"https:\/\/zbranebudai.sk\/product\/rychlonabijac-a-rychlovybijac-sada-ruger-pre-10-22-12044\/"},"modified":"2026-04-16T04:48:00","modified_gmt":"2026-04-16T02:48:00","slug":"gyorstolto-es-gyorstolto-keszlet-ruger-10-22-12044","status":"publish","type":"product","link":"https:\/\/zbranebudai.sk\/hu\/product\/rychlonabijac-a-rychlovybijac-sada-ruger-pre-10-22-12044\/","title":{"rendered":"Ruger gyorst\u00f6lt\u0151 \u00e9s gyorst\u00f6lt\u0151 k\u00e9szlet 10\/22-hez (12044)"},"content":{"rendered":"","protected":false},"excerpt":{"rendered":"","protected":false},"featured_media":9755,"template":"","meta":{"_gspb_post_css":""},"product_brand":[],"product_cat":[1917,1858,1859,1820],"product_tag":[],"class_list":{"0":"post-14594","1":"product","2":"type-product","3":"status-publish","4":"has-post-thumbnail","6":"product_cat-prislusenstvo-ruger-ruger-revolvery-zbrane-b-c","7":"product_cat-revolvery-zbrane-b-c","8":"product_cat-ruger-revolvery-zbrane-b-c","9":"product_cat-zbrane-b-c","11":"first","12":"instock","13":"taxable","14":"shipping-taxable","15":"purchasable","16":"product-type-simple"},"ct_brands":[],"_links":{"self":[{"href":"https:\/\/zbranebudai.sk\/hu\/wp-json\/wp\/v2\/product\/14594","targetHints":{"allow":["GET"]}}],"collection":[{"href":"https:\/\/zbranebudai.sk\/hu\/wp-json\/wp\/v2\/product"}],"about":[{"href":"https:\/\/zbranebudai.sk\/hu\/wp-json\/wp\/v2\/types\/product"}],"wp:featuredmedia":[{"embeddable":true,"href":"https:\/\/zbranebudai.sk\/hu\/wp-json\/wp\/v2\/media\/9755"}],"wp:attachment":[{"href":"https:\/\/zbranebudai.sk\/hu\/wp-json\/wp\/v2\/media?parent=14594"}],"wp:term":[{"taxonomy":"product_brand","embeddable":true,"href":"https:\/\/zbranebudai.sk\/hu\/wp-json\/wp\/v2\/product_brand?post=14594"},{"taxonomy":"product_cat","embeddable":true,"href":"https:\/\/zbranebudai.sk\/hu\/wp-json\/wp\/v2\/product_cat?post=14594"},{"taxonomy":"product_tag","embeddable":true,"href":"https:\/\/zbranebudai.sk\/hu\/wp-json\/wp\/v2\/product_tag?post=14594"}],"curies":[{"name":"wp","href":"https:\/\/api.w.org\/{rel}","templated":true}]}}