{"id":14591,"date":"2025-02-17T17:57:19","date_gmt":"2025-02-17T15:57:19","guid":{"rendered":"https:\/\/zbranebudai.sk\/product\/ruger-mark-iv-target-40126-kal-22lr\/"},"modified":"2026-04-16T04:31:55","modified_gmt":"2026-04-16T02:31:55","slug":"ruger-mark-iv-target-40126-cal-22lr","status":"publish","type":"product","link":"https:\/\/zbranebudai.sk\/hu\/product\/ruger-mark-iv-target-40126-kal-22lr\/","title":{"rendered":"Ruger Mark IV Target 40126, kal. .22LR"},"content":{"rendered":"","protected":false},"excerpt":{"rendered":"<p>Pisztoly Mark IV Target 40126, cal. .22 LR, rozsdamentes ac\u00e9l menetes Bull cs\u0151, cs\u0151 hossza 5,5\u2033 (14 cm), teljes hossza 24,8 cm, s\u00falya 1213 g, \u00e1ll\u00edthat\u00f3 magass\u00e1g\u00fa \u00e9s oldals\u00f3 ir\u00e1nyz\u00e9k, t\u00e1rkapacit\u00e1s 10 t\u00f6lt\u00e9ny, k\u00e9t 10 t\u00f6lt\u00e9nyes t\u00e1rat tartalmaz, cs\u0151 huzagol\u00e1sa 1:16\u2033 jobbra, 6 horony.<\/p>","protected":false},"featured_media":9749,"template":"","meta":{"_gspb_post_css":""},"product_brand":[],"product_cat":[1895,1864,1877,1820],"product_tag":[],"class_list":{"0":"post-14591","1":"product","2":"type-product","3":"status-publish","4":"has-post-thumbnail","6":"product_cat-mark-iv","7":"product_cat-pistole-zbrane-b-c","8":"product_cat-ruger-pistole-zbrane-b-c","9":"product_cat-zbrane-b-c","11":"first","12":"instock","13":"taxable","14":"shipping-taxable","15":"purchasable","16":"product-type-simple"},"ct_brands":[],"_links":{"self":[{"href":"https:\/\/zbranebudai.sk\/hu\/wp-json\/wp\/v2\/product\/14591","targetHints":{"allow":["GET"]}}],"collection":[{"href":"https:\/\/zbranebudai.sk\/hu\/wp-json\/wp\/v2\/product"}],"about":[{"href":"https:\/\/zbranebudai.sk\/hu\/wp-json\/wp\/v2\/types\/product"}],"wp:featuredmedia":[{"embeddable":true,"href":"https:\/\/zbranebudai.sk\/hu\/wp-json\/wp\/v2\/media\/9749"}],"wp:attachment":[{"href":"https:\/\/zbranebudai.sk\/hu\/wp-json\/wp\/v2\/media?parent=14591"}],"wp:term":[{"taxonomy":"product_brand","embeddable":true,"href":"https:\/\/zbranebudai.sk\/hu\/wp-json\/wp\/v2\/product_brand?post=14591"},{"taxonomy":"product_cat","embeddable":true,"href":"https:\/\/zbranebudai.sk\/hu\/wp-json\/wp\/v2\/product_cat?post=14591"},{"taxonomy":"product_tag","embeddable":true,"href":"https:\/\/zbranebudai.sk\/hu\/wp-json\/wp\/v2\/product_tag?post=14591"}],"curies":[{"name":"wp","href":"https:\/\/api.w.org\/{rel}","templated":true}]}}