{"id":14588,"date":"2025-02-17T17:57:19","date_gmt":"2025-02-17T15:57:19","guid":{"rendered":"https:\/\/zbranebudai.sk\/product\/hkey-lista-picatinny-pre-mr223-mr308-74-mm-green-brown\/"},"modified":"2026-04-09T01:57:53","modified_gmt":"2026-04-08T23:57:53","slug":"hkey-picatinny-lista-mr223-mr308-74-mm-zold-barna","status":"publish","type":"product","link":"https:\/\/zbranebudai.sk\/hu\/product\/hkey-lista-picatinny-pre-mr223-mr308-74-mm-green-brown\/","title":{"rendered":"HKey Picatinny s\u00edn MR223\/MR308-hoz, 74 mm, Z\u00d6LD-BARNA"},"content":{"rendered":"","protected":false},"excerpt":{"rendered":"<p>Alum\u00ednium HKey Picatinny s\u00edn a v\u00e9kony vonal\u00fa alkarhoz. A s\u00edn hossza 74 mm. Sz\u00ednv\u00e1ltozat: Z\u00d6LD-BARNA.<\/p>","protected":false},"featured_media":9735,"template":"","meta":{"_gspb_post_css":""},"product_brand":[],"product_cat":[1821,1867,1932,1820],"product_tag":[],"class_list":{"0":"post-14588","1":"product","2":"type-product","3":"status-publish","4":"has-post-thumbnail","6":"product_cat-gulovnice-zbrane-b-c","7":"product_cat-heckler-koch-gulovnice-zbrane-b-c","8":"product_cat-prislusenstvo-hk","9":"product_cat-zbrane-b-c","11":"first","12":"instock","13":"taxable","14":"shipping-taxable","15":"purchasable","16":"product-type-simple"},"ct_brands":[],"_links":{"self":[{"href":"https:\/\/zbranebudai.sk\/hu\/wp-json\/wp\/v2\/product\/14588","targetHints":{"allow":["GET"]}}],"collection":[{"href":"https:\/\/zbranebudai.sk\/hu\/wp-json\/wp\/v2\/product"}],"about":[{"href":"https:\/\/zbranebudai.sk\/hu\/wp-json\/wp\/v2\/types\/product"}],"wp:featuredmedia":[{"embeddable":true,"href":"https:\/\/zbranebudai.sk\/hu\/wp-json\/wp\/v2\/media\/9735"}],"wp:attachment":[{"href":"https:\/\/zbranebudai.sk\/hu\/wp-json\/wp\/v2\/media?parent=14588"}],"wp:term":[{"taxonomy":"product_brand","embeddable":true,"href":"https:\/\/zbranebudai.sk\/hu\/wp-json\/wp\/v2\/product_brand?post=14588"},{"taxonomy":"product_cat","embeddable":true,"href":"https:\/\/zbranebudai.sk\/hu\/wp-json\/wp\/v2\/product_cat?post=14588"},{"taxonomy":"product_tag","embeddable":true,"href":"https:\/\/zbranebudai.sk\/hu\/wp-json\/wp\/v2\/product_tag?post=14588"}],"curies":[{"name":"wp","href":"https:\/\/api.w.org\/{rel}","templated":true}]}}