{"id":14584,"date":"2025-02-17T17:57:19","date_gmt":"2025-02-17T15:57:19","guid":{"rendered":"https:\/\/zbranebudai.sk\/product\/jet-funnel-lievik-pre-sfp9\/"},"modified":"2026-04-16T04:17:09","modified_gmt":"2026-04-16T02:17:09","slug":"jet-tolcser-tolcser-sfp9-hez","status":"publish","type":"product","link":"https:\/\/zbranebudai.sk\/hu\/product\/jet-funnel-lievik-pre-sfp9\/","title":{"rendered":"F\u00fav\u00f3kat\u00f6lcs\u00e9r az SFP9-hez"},"content":{"rendered":"","protected":false},"excerpt":{"rendered":"<p>A tart\u00e1lytengely meghosszabb\u00edt\u00e1sa a tart\u00e1lyok gyorsabb \u00fajrat\u00f6lt\u00e9se \u00e9rdek\u00e9ben. Anyag: ac\u00e9l<\/p>","protected":false},"featured_media":9727,"template":"","meta":{"_gspb_post_css":""},"product_brand":[],"product_cat":[1865,1864,1888,2228,1820],"product_tag":[],"class_list":{"0":"post-14584","1":"product","2":"type-product","3":"status-publish","4":"has-post-thumbnail","6":"product_cat-heckler-koch-pistole-zbrane-b-c","7":"product_cat-pistole-zbrane-b-c","8":"product_cat-prislusenstvo-heckler-koch","9":"product_cat-zasobniky-prislusenstvo-heckler-koch","10":"product_cat-zbrane-b-c","12":"first","13":"instock","14":"taxable","15":"shipping-taxable","16":"purchasable","17":"product-type-simple"},"ct_brands":[],"_links":{"self":[{"href":"https:\/\/zbranebudai.sk\/hu\/wp-json\/wp\/v2\/product\/14584","targetHints":{"allow":["GET"]}}],"collection":[{"href":"https:\/\/zbranebudai.sk\/hu\/wp-json\/wp\/v2\/product"}],"about":[{"href":"https:\/\/zbranebudai.sk\/hu\/wp-json\/wp\/v2\/types\/product"}],"wp:featuredmedia":[{"embeddable":true,"href":"https:\/\/zbranebudai.sk\/hu\/wp-json\/wp\/v2\/media\/9727"}],"wp:attachment":[{"href":"https:\/\/zbranebudai.sk\/hu\/wp-json\/wp\/v2\/media?parent=14584"}],"wp:term":[{"taxonomy":"product_brand","embeddable":true,"href":"https:\/\/zbranebudai.sk\/hu\/wp-json\/wp\/v2\/product_brand?post=14584"},{"taxonomy":"product_cat","embeddable":true,"href":"https:\/\/zbranebudai.sk\/hu\/wp-json\/wp\/v2\/product_cat?post=14584"},{"taxonomy":"product_tag","embeddable":true,"href":"https:\/\/zbranebudai.sk\/hu\/wp-json\/wp\/v2\/product_tag?post=14584"}],"curies":[{"name":"wp","href":"https:\/\/api.w.org\/{rel}","templated":true}]}}