{"id":14582,"date":"2025-02-17T17:57:18","date_gmt":"2025-02-17T15:57:18","guid":{"rendered":"https:\/\/zbranebudai.sk\/product\/pazba-sp5-teleskopicka\/"},"modified":"2026-04-16T04:10:05","modified_gmt":"2026-04-16T02:10:05","slug":"sp5-teleszkopos-karom","status":"publish","type":"product","link":"https:\/\/zbranebudai.sk\/hu\/product\/pazba-sp5-teleskopicka\/","title":{"rendered":"SP5 teleszk\u00f3pos k\u00e9szlet"},"content":{"rendered":"","protected":false},"excerpt":{"rendered":"<p>H\u00e1rom \u00e1ll\u00edthat\u00f3 poz\u00edci\u00f3ban \u00e1ll\u00edthat\u00f3 teleszk\u00f3pos l\u00f6veg a HK SP5-\u00f6sh\u00f6z.<\/p>","protected":false},"featured_media":9723,"template":"","meta":{"_gspb_post_css":""},"product_brand":[],"product_cat":[1821,1867,1932,1820],"product_tag":[],"class_list":{"0":"post-14582","1":"product","2":"type-product","3":"status-publish","4":"has-post-thumbnail","6":"product_cat-gulovnice-zbrane-b-c","7":"product_cat-heckler-koch-gulovnice-zbrane-b-c","8":"product_cat-prislusenstvo-hk","9":"product_cat-zbrane-b-c","11":"first","12":"outofstock","13":"taxable","14":"shipping-taxable","15":"purchasable","16":"product-type-simple"},"ct_brands":[],"_links":{"self":[{"href":"https:\/\/zbranebudai.sk\/hu\/wp-json\/wp\/v2\/product\/14582","targetHints":{"allow":["GET"]}}],"collection":[{"href":"https:\/\/zbranebudai.sk\/hu\/wp-json\/wp\/v2\/product"}],"about":[{"href":"https:\/\/zbranebudai.sk\/hu\/wp-json\/wp\/v2\/types\/product"}],"wp:featuredmedia":[{"embeddable":true,"href":"https:\/\/zbranebudai.sk\/hu\/wp-json\/wp\/v2\/media\/9723"}],"wp:attachment":[{"href":"https:\/\/zbranebudai.sk\/hu\/wp-json\/wp\/v2\/media?parent=14582"}],"wp:term":[{"taxonomy":"product_brand","embeddable":true,"href":"https:\/\/zbranebudai.sk\/hu\/wp-json\/wp\/v2\/product_brand?post=14582"},{"taxonomy":"product_cat","embeddable":true,"href":"https:\/\/zbranebudai.sk\/hu\/wp-json\/wp\/v2\/product_cat?post=14582"},{"taxonomy":"product_tag","embeddable":true,"href":"https:\/\/zbranebudai.sk\/hu\/wp-json\/wp\/v2\/product_tag?post=14582"}],"curies":[{"name":"wp","href":"https:\/\/api.w.org\/{rel}","templated":true}]}}