{"id":14574,"date":"2025-02-17T17:57:17","date_gmt":"2025-02-17T15:57:17","guid":{"rendered":"https:\/\/zbranebudai.sk\/product\/puska-co2-walther-lever-action-wells-fargo-kal-45mm-diabolo\/"},"modified":"2026-03-24T13:32:03","modified_gmt":"2026-03-24T11:32:03","slug":"co2-pisztoly-walther-karos-akcio-kutfuro-kutfuro-kal-45mm-diabolo","status":"publish","type":"product","link":"https:\/\/zbranebudai.sk\/hu\/product\/puska-co2-walther-lever-action-wells-fargo-kal-45mm-diabolo\/","title":{"rendered":"CO2 puska Walther Lever Action Wells Fargo, cal. 4,5mm diabolo"},"content":{"rendered":"<p>PARAM\u00c9TEREK:<\/p>\n<p>Energia: legfeljebb 7,5 J<br \/>\nBitsebess\u00e9g: 175 m\/s (574 fps)<br \/>\nCs\u0151hossz: 480 mm<br \/>\nTeljes hossz: 996 mm<br \/>\nEnergiaforr\u00e1s: 1x 88 g CO\u2082<br \/>\nT\u00e1rkapacit\u00e1s: 8 t\u00f6lt\u00e9ny<br \/>\nS\u00faly: 2,74 kg<\/p>","protected":false},"excerpt":{"rendered":"<p>Egy amerikai legenda N\u00e9metorsz\u00e1gban k\u00e9sz\u00fclt. A Walther Lever Action sikeresen \u00f6tv\u00f6zi a hagyom\u00e1nyt \u00e9s az innov\u00e1ci\u00f3t: a legend\u00e1s amerikai ism\u00e9tl\u0151pusk\u00e1t a leg\u00fajabb CO2 technol\u00f3gi\u00e1val kombin\u00e1lva. A kezel\u0151szervek \u00fagy m\u0171k\u00f6dnek, mint az eredetiben: amikor a kart el\u0151re nyomja, a forg\u00f3t\u00e1r egy poz\u00edci\u00f3t mozog, \u00e9s ezzel egyidej\u0171leg az \u00fct\u0151szeg felh\u00faz\u00f3dik. A 24K aranyoz\u00e1snak \u00e9s a kiv\u00e1l\u00f3 min\u0151s\u00e9g\u0171 b\u00fckkf\u00e1nak k\u00f6sz\u00f6nhet\u0151en a Walther Lever Action Wells Fargo megk\u00fcl\u00f6nb\u00f6ztethetetlen az eredetit\u0151l. A l\u00e9gpuska k\u00e9zi biztos\u00edt\u00f3val, magass\u00e1gban \u00e1ll\u00edthat\u00f3 c\u00e9lz\u00f3k\u00e9sz\u00fcl\u00e9kkel \u00e9s oldalir\u00e1nyban \u00e1ll\u00edthat\u00f3 c\u00e9lz\u00f3k\u00e9sz\u00fcl\u00e9kkel rendelkezik. A l\u00e9gpusk\u00e1t egy nagym\u00e9ret\u0171, 88 grammos CO2-patron hajtja meg, amely az \u00e1llom\u00e1nyba illeszkedik, \u00e9s ak\u00e1r 300 l\u00f6v\u00e9st is lehet\u0151v\u00e9 tesz, patrononk\u00e9nt \u00e1lland\u00f3 t\u0171zgyorsas\u00e1ggal. A 88 grammos CO2-bomba helyett k\u00e9t darab 12 grammos, adapterbe helyezett bomba is haszn\u00e1lhat\u00f3 (az adapter nem tartoz\u00e9k). A tartoz\u00e9k 2 db 8 darab l\u00f6ved\u00e9khez val\u00f3 t\u00e1rat tartalmaz (416.120).<\/p>","protected":false},"featured_media":9705,"template":"","meta":{"_gspb_post_css":""},"product_brand":[],"product_cat":[1938,1824,1828],"product_tag":[],"class_list":{"0":"post-14574","1":"product","2":"type-product","3":"status-publish","4":"has-post-thumbnail","6":"product_cat-dlhe-zbrane-na-co2","7":"product_cat-zbrane-18-d","8":"product_cat-zbrane-na-co2","10":"first","11":"outofstock","12":"taxable","13":"shipping-taxable","14":"purchasable","15":"product-type-simple"},"ct_brands":[],"_links":{"self":[{"href":"https:\/\/zbranebudai.sk\/hu\/wp-json\/wp\/v2\/product\/14574","targetHints":{"allow":["GET"]}}],"collection":[{"href":"https:\/\/zbranebudai.sk\/hu\/wp-json\/wp\/v2\/product"}],"about":[{"href":"https:\/\/zbranebudai.sk\/hu\/wp-json\/wp\/v2\/types\/product"}],"wp:featuredmedia":[{"embeddable":true,"href":"https:\/\/zbranebudai.sk\/hu\/wp-json\/wp\/v2\/media\/9705"}],"wp:attachment":[{"href":"https:\/\/zbranebudai.sk\/hu\/wp-json\/wp\/v2\/media?parent=14574"}],"wp:term":[{"taxonomy":"product_brand","embeddable":true,"href":"https:\/\/zbranebudai.sk\/hu\/wp-json\/wp\/v2\/product_brand?post=14574"},{"taxonomy":"product_cat","embeddable":true,"href":"https:\/\/zbranebudai.sk\/hu\/wp-json\/wp\/v2\/product_cat?post=14574"},{"taxonomy":"product_tag","embeddable":true,"href":"https:\/\/zbranebudai.sk\/hu\/wp-json\/wp\/v2\/product_tag?post=14574"}],"curies":[{"name":"wp","href":"https:\/\/api.w.org\/{rel}","templated":true}]}}