{"id":14568,"date":"2025-02-17T17:57:16","date_gmt":"2025-02-17T15:57:16","guid":{"rendered":"https:\/\/zbranebudai.sk\/product\/montazna-platnicka-vortex-burris-hex-pre-xd-m-sf19\/"},"modified":"2026-04-09T02:47:53","modified_gmt":"2026-04-09T00:47:53","slug":"vortex-burris-hatlapos-rogzitolemez-xd-m-sf19-hez","status":"publish","type":"product","link":"https:\/\/zbranebudai.sk\/hu\/product\/montazna-platnicka-vortex-burris-hex-pre-xd-m-sf19\/","title":{"rendered":"Vortex, Burris, Hex r\u00f6gz\u00edt\u0151lemez XD-M\/SF19-hez"},"content":{"rendered":"<p>KOMPATIBILIT\u00c1S:<\/p>\n<p>HEX Szitak\u00f6t\u0151<br \/>\nVortex Venom<br \/>\nVortex Viper<br \/>\nBurris Fastfire 3<\/p>","protected":false},"excerpt":{"rendered":"<p>VORTEX, BURRIS \u00e9s HEX kollim\u00e1torok XD-M\/SF19 pisztolyokra t\u00f6rt\u00e9n\u0151 felszerel\u00e9s\u00e9hez (XD-M Plate OSP Vortex)<\/p>","protected":false},"featured_media":9689,"template":"","meta":{"_gspb_post_css":""},"product_brand":[],"product_cat":[2077,1864,2043,2033,1820],"product_tag":[],"class_list":{"0":"post-14568","1":"product","2":"type-product","3":"status-publish","4":"has-post-thumbnail","6":"product_cat-doplnky-prislusenstvo-springfield-armory","7":"product_cat-pistole-zbrane-b-c","8":"product_cat-prislusenstvo-springfield-armory","9":"product_cat-springfield-armory-hs-produkt","10":"product_cat-zbrane-b-c","12":"first","13":"instock","14":"taxable","15":"shipping-taxable","16":"purchasable","17":"product-type-simple"},"ct_brands":[],"_links":{"self":[{"href":"https:\/\/zbranebudai.sk\/hu\/wp-json\/wp\/v2\/product\/14568","targetHints":{"allow":["GET"]}}],"collection":[{"href":"https:\/\/zbranebudai.sk\/hu\/wp-json\/wp\/v2\/product"}],"about":[{"href":"https:\/\/zbranebudai.sk\/hu\/wp-json\/wp\/v2\/types\/product"}],"wp:featuredmedia":[{"embeddable":true,"href":"https:\/\/zbranebudai.sk\/hu\/wp-json\/wp\/v2\/media\/9689"}],"wp:attachment":[{"href":"https:\/\/zbranebudai.sk\/hu\/wp-json\/wp\/v2\/media?parent=14568"}],"wp:term":[{"taxonomy":"product_brand","embeddable":true,"href":"https:\/\/zbranebudai.sk\/hu\/wp-json\/wp\/v2\/product_brand?post=14568"},{"taxonomy":"product_cat","embeddable":true,"href":"https:\/\/zbranebudai.sk\/hu\/wp-json\/wp\/v2\/product_cat?post=14568"},{"taxonomy":"product_tag","embeddable":true,"href":"https:\/\/zbranebudai.sk\/hu\/wp-json\/wp\/v2\/product_tag?post=14568"}],"curies":[{"name":"wp","href":"https:\/\/api.w.org\/{rel}","templated":true}]}}