{"id":14566,"date":"2025-02-17T17:57:16","date_gmt":"2025-02-17T15:57:16","guid":{"rendered":"https:\/\/zbranebudai.sk\/product\/montazna-platnicka-deltapoint-shield-sights-vortex-defender-a-ine-pre-xd-m-sf19\/"},"modified":"2026-04-09T02:47:53","modified_gmt":"2026-04-09T00:47:53","slug":"szerelolemez-deltapoint-pajzs-celzokeszulek-vortex-defender-es-masok-xd-m-sf19-hez","status":"publish","type":"product","link":"https:\/\/zbranebudai.sk\/hu\/product\/montazna-platnicka-deltapoint-shield-sights-vortex-defender-a-ine-pre-xd-m-sf19\/","title":{"rendered":"Szerel\u0151lemez Deltapoint, Shield Sights, Vortex Defender \u00e9s m\u00e1sok az XD-M\/SF19-hez"},"content":{"rendered":"<p>KOMPATIBILIT\u00c1S:<\/p>\n<p>HEX dar\u00e1zs<br \/>\nJ-Point<br \/>\nLeupold DeltaPoint<br \/>\nLeupold DeltaPoint Pro<br \/>\nRedfield gyors\u00edt\u00f3<br \/>\nPajzs c\u00e9lz\u00f3k\u00e9sz\u00fcl\u00e9kek<br \/>\nSIG Romeo Zero<br \/>\nVortex Defender<br \/>\nCrimson Trace 1500<\/p>\n<p>* A k\u00fapos talppal ell\u00e1tott pajzsszemek (RMSc \u00e9s SMSc) kompatibilisek, de kiss\u00e9 keskenyebbek lesznek, mint a r\u00f6gz\u00edt\u0151lemez. Ez\u00e9rt javasoljuk a szabv\u00e1nyos talppal rendelkez\u0151 modellek (SMS, SMS2, RMS, RMSD, RMSD, RMSW, RMSX) beszerz\u00e9s\u00e9t.<\/p>","protected":false},"excerpt":{"rendered":"<p>Szerel\u0151lemez a LEUPOLD DELTAPOINT, SHIELD SIGHTS, HEX, VORTEX DEFENDER \u00e9s m\u00e1s kollim\u00e1torok felszerel\u00e9s\u00e9hez XD-M\/SF19 pisztolyokra (XD-M Plate OSP Delta\/482882-01).<\/p>","protected":false},"featured_media":9685,"template":"","meta":{"_gspb_post_css":""},"product_brand":[],"product_cat":[2077,1864,2043,2033,1820],"product_tag":[],"class_list":{"0":"post-14566","1":"product","2":"type-product","3":"status-publish","4":"has-post-thumbnail","6":"product_cat-doplnky-prislusenstvo-springfield-armory","7":"product_cat-pistole-zbrane-b-c","8":"product_cat-prislusenstvo-springfield-armory","9":"product_cat-springfield-armory-hs-produkt","10":"product_cat-zbrane-b-c","12":"first","13":"instock","14":"taxable","15":"shipping-taxable","16":"purchasable","17":"product-type-simple"},"ct_brands":[],"_links":{"self":[{"href":"https:\/\/zbranebudai.sk\/hu\/wp-json\/wp\/v2\/product\/14566","targetHints":{"allow":["GET"]}}],"collection":[{"href":"https:\/\/zbranebudai.sk\/hu\/wp-json\/wp\/v2\/product"}],"about":[{"href":"https:\/\/zbranebudai.sk\/hu\/wp-json\/wp\/v2\/types\/product"}],"wp:featuredmedia":[{"embeddable":true,"href":"https:\/\/zbranebudai.sk\/hu\/wp-json\/wp\/v2\/media\/9685"}],"wp:attachment":[{"href":"https:\/\/zbranebudai.sk\/hu\/wp-json\/wp\/v2\/media?parent=14566"}],"wp:term":[{"taxonomy":"product_brand","embeddable":true,"href":"https:\/\/zbranebudai.sk\/hu\/wp-json\/wp\/v2\/product_brand?post=14566"},{"taxonomy":"product_cat","embeddable":true,"href":"https:\/\/zbranebudai.sk\/hu\/wp-json\/wp\/v2\/product_cat?post=14566"},{"taxonomy":"product_tag","embeddable":true,"href":"https:\/\/zbranebudai.sk\/hu\/wp-json\/wp\/v2\/product_tag?post=14566"}],"curies":[{"name":"wp","href":"https:\/\/api.w.org\/{rel}","templated":true}]}}