{"id":14565,"date":"2025-02-17T17:57:16","date_gmt":"2025-02-17T15:57:16","guid":{"rendered":"https:\/\/zbranebudai.sk\/product\/montazna-platnicka-trijicon-holosun-pre-xd-m-sf19\/"},"modified":"2026-04-09T02:47:53","modified_gmt":"2026-04-09T00:47:53","slug":"szerelolemez-trijicon-holosun-xd-m-sf19-hez","status":"publish","type":"product","link":"https:\/\/zbranebudai.sk\/hu\/product\/montazna-platnicka-trijicon-holosun-pre-xd-m-sf19\/","title":{"rendered":"Szerel\u0151lemez Trijicon, Holosun XD-M\/SF19-hez"},"content":{"rendered":"<p>KOMPATIBILIT\u00c1S:<\/p>\n<p>Holosun 407C<br \/>\nHolosun 507C<br \/>\nTrijicon RMR<br \/>\nTrijicon SRO<\/p>","protected":false},"excerpt":{"rendered":"<p>Szerel\u0151lemez a TRIJICON \u00e9s HOLOSUN kollim\u00e1torok felszerel\u00e9s\u00e9hez XD-M\/SF19 pisztolyokra (XD-M Plate OSP RMR\/482883-00)<\/p>","protected":false},"featured_media":9683,"template":"","meta":{"_gspb_post_css":""},"product_brand":[],"product_cat":[2077,1864,2043,2033,1820],"product_tag":[],"class_list":{"0":"post-14565","1":"product","2":"type-product","3":"status-publish","4":"has-post-thumbnail","6":"product_cat-doplnky-prislusenstvo-springfield-armory","7":"product_cat-pistole-zbrane-b-c","8":"product_cat-prislusenstvo-springfield-armory","9":"product_cat-springfield-armory-hs-produkt","10":"product_cat-zbrane-b-c","12":"first","13":"instock","14":"taxable","15":"shipping-taxable","16":"purchasable","17":"product-type-simple"},"ct_brands":[],"_links":{"self":[{"href":"https:\/\/zbranebudai.sk\/hu\/wp-json\/wp\/v2\/product\/14565","targetHints":{"allow":["GET"]}}],"collection":[{"href":"https:\/\/zbranebudai.sk\/hu\/wp-json\/wp\/v2\/product"}],"about":[{"href":"https:\/\/zbranebudai.sk\/hu\/wp-json\/wp\/v2\/types\/product"}],"wp:featuredmedia":[{"embeddable":true,"href":"https:\/\/zbranebudai.sk\/hu\/wp-json\/wp\/v2\/media\/9683"}],"wp:attachment":[{"href":"https:\/\/zbranebudai.sk\/hu\/wp-json\/wp\/v2\/media?parent=14565"}],"wp:term":[{"taxonomy":"product_brand","embeddable":true,"href":"https:\/\/zbranebudai.sk\/hu\/wp-json\/wp\/v2\/product_brand?post=14565"},{"taxonomy":"product_cat","embeddable":true,"href":"https:\/\/zbranebudai.sk\/hu\/wp-json\/wp\/v2\/product_cat?post=14565"},{"taxonomy":"product_tag","embeddable":true,"href":"https:\/\/zbranebudai.sk\/hu\/wp-json\/wp\/v2\/product_tag?post=14565"}],"curies":[{"name":"wp","href":"https:\/\/api.w.org\/{rel}","templated":true}]}}