{"id":14564,"date":"2025-02-17T17:57:15","date_gmt":"2025-02-17T15:57:15","guid":{"rendered":"https:\/\/zbranebudai.sk\/product\/platnicka-kryt-zaveru-pre-hellcat-h11\/"},"modified":"2026-04-16T05:30:00","modified_gmt":"2026-04-16T03:30:00","slug":"fedolap-a-hellcat-h11-hez","status":"publish","type":"product","link":"https:\/\/zbranebudai.sk\/hu\/product\/platnicka-kryt-zaveru-pre-hellcat-h11\/","title":{"rendered":"Lemez - z\u00e1r\u00f3fed\u00e9l a HELLCAT\/H11-hez"},"content":{"rendered":"","protected":false},"excerpt":{"rendered":"<p>(No.45\/862360-00\/COVER PLATE)<\/p>","protected":false},"featured_media":9677,"template":"","meta":{"_gspb_post_css":""},"product_brand":[],"product_cat":[2077,1864,2043,2033,1820],"product_tag":[],"class_list":{"0":"post-14564","1":"product","2":"type-product","3":"status-publish","4":"has-post-thumbnail","6":"product_cat-doplnky-prislusenstvo-springfield-armory","7":"product_cat-pistole-zbrane-b-c","8":"product_cat-prislusenstvo-springfield-armory","9":"product_cat-springfield-armory-hs-produkt","10":"product_cat-zbrane-b-c","12":"first","13":"instock","14":"taxable","15":"shipping-taxable","16":"purchasable","17":"product-type-simple"},"ct_brands":[],"_links":{"self":[{"href":"https:\/\/zbranebudai.sk\/hu\/wp-json\/wp\/v2\/product\/14564","targetHints":{"allow":["GET"]}}],"collection":[{"href":"https:\/\/zbranebudai.sk\/hu\/wp-json\/wp\/v2\/product"}],"about":[{"href":"https:\/\/zbranebudai.sk\/hu\/wp-json\/wp\/v2\/types\/product"}],"wp:featuredmedia":[{"embeddable":true,"href":"https:\/\/zbranebudai.sk\/hu\/wp-json\/wp\/v2\/media\/9677"}],"wp:attachment":[{"href":"https:\/\/zbranebudai.sk\/hu\/wp-json\/wp\/v2\/media?parent=14564"}],"wp:term":[{"taxonomy":"product_brand","embeddable":true,"href":"https:\/\/zbranebudai.sk\/hu\/wp-json\/wp\/v2\/product_brand?post=14564"},{"taxonomy":"product_cat","embeddable":true,"href":"https:\/\/zbranebudai.sk\/hu\/wp-json\/wp\/v2\/product_cat?post=14564"},{"taxonomy":"product_tag","embeddable":true,"href":"https:\/\/zbranebudai.sk\/hu\/wp-json\/wp\/v2\/product_tag?post=14564"}],"curies":[{"name":"wp","href":"https:\/\/api.w.org\/{rel}","templated":true}]}}